{"id":6238,"date":"2023-12-15T10:37:50","date_gmt":"2023-12-15T10:37:50","guid":{"rendered":"https:\/\/tecnospiromt.com\/accessibility\/"},"modified":"2024-01-12T10:52:16","modified_gmt":"2024-01-12T10:52:16","slug":"accessibility","status":"publish","type":"page","link":"https:\/\/tecnospiromt.com\/ca\/accessibility\/","title":{"rendered":"Accessibility"},"content":{"rendered":"\t\t<div data-elementor-type=\"wp-page\" data-elementor-id=\"6238\" class=\"elementor elementor-6238 elementor-5634\" data-elementor-post-type=\"page\">\n\t\t\t\t<div class=\"elementor-element elementor-element-ca7d5a3 e-flex e-con-boxed e-con e-parent\" data-id=\"ca7d5a3\" data-element_type=\"container\" data-e-type=\"container\">\n\t\t\t\t\t<div class=\"e-con-inner\">\n\t\t\t\t<div class=\"elementor-element elementor-element-46e31f3 elementor-widget elementor-widget-heading\" data-id=\"46e31f3\" data-element_type=\"widget\" data-e-type=\"widget\" data-widget_type=\"heading.default\">\n\t\t\t\t<div class=\"elementor-widget-container\">\n\t\t\t\t\t<h2 class=\"elementor-heading-title elementor-size-default\">Accessibilitat<\/h2>\t\t\t\t<\/div>\n\t\t\t\t<\/div>\n\t\t\t\t<div class=\"elementor-element elementor-element-ab74469 elementor-widget elementor-widget-html\" data-id=\"ab74469\" data-element_type=\"widget\" data-e-type=\"widget\" data-widget_type=\"html.default\">\n\t\t\t\t<div class=\"elementor-widget-container\">\n\t\t\t\t\t<div style=\"margin-bottom: 40px;\">\r\n\r\n     <p>\r\n         Aquesta declaraci\u00f3 d'accessibilitat s'aplica al lloc web www.roscamat.com\r\n     <\/p>\r\n<\/div>\r\n<div style=\"margin-bottom: 40px;\">\r\n    <h2>\r\n        SITUACI\u00d3 DE COMPLIMENT\r\n    <\/h2>\r\n    <p>\r\n        Aquest lloc web \u00e9s parcialment conforme amb l'RD 1112\/2018 a causa de les excepcions i a la falta de conformitat\r\n        dels aspectes que s'indiquen en el seg\u00fcent punt.\r\n    <\/p>\r\n<\/div>\r\n<div style=\"margin-bottom: 40px;\">\r\n    <h2>\r\n        CONTINGUT NO ACCESSIBLE\r\n    <\/h2>\r\n    <p>\r\n        El contingut que es recull a continuaci\u00f3 no \u00e9s accessible pel seg\u00fcent:\r\n    <ul>\r\n        <li>\r\n            Falta de conformidad con el RD 1112\/2018\r\n        <\/li>\r\n\r\n        <li>\r\n            Podrien existir alguns aspectes de contrast que no compleixin els m\u00ednims exigits, 3:1, respecte als colors\r\n            adjacents del fons de\r\n\r\n        <\/li>\r\n        <li>\r\n            la secci\u00f3 de la web en q\u00fcesti\u00f3. [9 .1.4.11 Contraste no textual]\r\n        <\/li>\r\n        <li>\r\n            Podrien existir alguns elements no textuals no etiquetats correctament [2 .5.3 Etiqueta en el nombre] i [4.1.2 Nom funci\u00f3 i valor]\r\n        <\/li>\r\n        <li>\r\n            Els cercadors busquen autom\u00e0ticament sense necessitat d'ordenar cap acci\u00f3 per part de l'usuari [3 .2.2 Al recibir entradas]\r\n        <\/li>\r\n        <li>\r\n            Podrien existir alguns textos en un altre idioma no etiquetats correctament [3 .1.2 Idioma de las partes]\r\n        <\/li>\r\n        <li>\r\n            Podrien existir errors de codi puntuals d'edici\u00f3 en alguna p\u00e0gina web. [4 .1.1 Procesamiento]\r\n        <\/li>\r\n        <li>\r\n            C\u00e0rrega desproporcionada \u2013 No aplica.\r\n        <\/li>\r\n        <li>\r\n            El contingut no entra dins de l'\u00e0mbit de la legislaci\u00f3 aplicable.\r\n        <\/li>\r\n    <\/ul>\r\n\r\n    <\/p>\r\n<\/div>\r\n<div style=\"margin-bottom: 40px;\">\r\n    <h2>\r\n        CONTINGUT NO ACCESSIBLE\r\n    <\/h2>\r\n    <p>\r\n        La present declaraci\u00f3 va ser preparada el 12\/01\/2024.\r\n\r\n        El m\u00e8tode emprat per a preparar la declaraci\u00f3 ha estat una avaluaci\u00f3 manual duta a terme per AVANCEM AMB VOST\u00c8\r\n        S.L. (AVANNUBO).\r\n\r\n        La Declaraci\u00f3 d'Accessibilitat ha estat revisada i actualitzada al 12\/01\/2024.\r\n\r\n        Si desitja posar en el nostre coneixement l'exist\u00e8ncia d'un enlla\u00e7 cap a un lloc web amb continguts que\r\n        considera inadequats o il\u00b7l\u00edcits pot posar-se en contacte amb nosaltres en comercial@tecnospiromt.com.\r\n    <\/p>\r\n<\/div>\r\n<div style=\"margin-bottom: 40px;\">\r\n    <h2>\r\n        PROCEDIMENT D'APLICACI\u00d3\r\n    <\/h2>\r\n    <p>\r\n        Si una vegada realitzada una sol\u00b7licitud d'informaci\u00f3 accessible o queixa, aquesta hagu\u00e9s estat desestimada, no\r\n        s'estigu\u00e9s d'acord amb la decisi\u00f3 adoptada, o la resposta no compl\u00eds els requisits contemplats en l'article\r\n        12.5, la persona interessada podr\u00e0 iniciar una reclamaci\u00f3. <br>Igualment es podr\u00e0 iniciar una reclamaci\u00f3 en el cas\r\n        que hagi transcorregut el termini de vint dies h\u00e0bils sense haver obtingut resposta. <br>La reclamaci\u00f3 pot ser\r\n        presentada trav\u00e9s de la Inst\u00e0ncia Gen\u00e8rica de la Seu electr\u00f2nica del Ministeri d'Assumptes Econ\u00f2mics i\r\n        Transformaci\u00f3 Digital, aix\u00ed com en la resta d'opcions recollides en la Llei 39\/ 2015, d'1 d'octubre, del\r\n        Procediment Administratiu Com\u00fa de les Administracions P\u00fabliques. <br>Les reclamacions seran rebudes i tractades per\r\n        la Subdirecci\u00f3 General d'Inspecci\u00f3 de Serveis del Ministeri.\r\n    <\/p>\r\n<\/div>\r\n<div style=\"margin-bottom: 40px;\">\r\n    <h2>\r\n        CONTINGUT OPCIONAL\r\n    <\/h2>\r\n    <p>\r\n        Aquest portal est\u00e0 dissenyat per a poder canviar la grand\u00e0ria del text i el color, aix\u00ed com el fons de la p\u00e0gina\r\n        mitjan\u00e7ant les opcions de\r\n        configuraci\u00f3 est\u00e0ndard dels navegadors.<br>\r\n\r\n        Si desitja canviar la grand\u00e0ria de lletra del text en els principals navegadors gr\u00e0fics utilitzi els seg\u00fcents\r\n        men\u00fas:<br>\r\n<br>\r\n        Internet Explorer, Mozilla y Firefox: Veure> Grand\u00e0ria del text<br>\r\n        Opera: Veure> Zoom<br>\r\n        Safari: Veure > Fer el text m\u00e9s gran<br>\r\n        Chrome: Controla la p\u00e0gina actual > Grand\u00e0ria del text<br>\r\n<br>\r\n        Per a modificar la grand\u00e0ria de tot en la p\u00e0gina:<br>\r\n<br>\r\n        Ctrl + + per a augmentar-ho<br>\r\n        Ctrl + \u2013 per a disminuir-ho<br>\r\n        Ctrl + 0 restaura la grand\u00e0ria original del text<br>\r\n\r\n        Si el que vol \u00e9s anul\u00b7lar la fulla d'estils o modificar el color del text, pot consultar la p\u00e0gina How to Change\r\n        Text Size or Colors de la WAI, que es pot llegir tradu\u00efda a l'espanyol en Com canviar la grand\u00e0ria del text o\r\n        colors?\r\n    <\/p>\r\n<\/div>\t\t\t\t<\/div>\n\t\t\t\t<\/div>\n\t\t\t\t\t<\/div>\n\t\t\t\t<\/div>\n\t\t\t\t<\/div>\n\t\t","protected":false},"excerpt":{"rendered":"<p>Accessibilitat Aquesta declaraci\u00f3 d&#8217;accessibilitat s&#8217;aplica al lloc web www.roscamat.com SITUACI\u00d3 DE COMPLIMENT Aquest lloc web \u00e9s parcialment conforme amb l&#8217;RD 1112\/2018 a causa de les excepcions i a la falta de conformitat dels aspectes que s&#8217;indiquen en el seg\u00fcent punt. CONTINGUT NO ACCESSIBLE El contingut que es recull a continuaci\u00f3 no \u00e9s accessible pel seg\u00fcent: [&hellip;]<\/p>\n","protected":false},"author":1,"featured_media":0,"parent":0,"menu_order":0,"comment_status":"closed","ping_status":"closed","template":"","meta":{"_acf_changed":false,"site-sidebar-layout":"no-sidebar","site-content-layout":"page-builder","ast-site-content-layout":"full-width-container","site-content-style":"unboxed","site-sidebar-style":"unboxed","ast-global-header-display":"","ast-banner-title-visibility":"","ast-main-header-display":"","ast-hfb-above-header-display":"","ast-hfb-below-header-display":"","ast-hfb-mobile-header-display":"","site-post-title":"disabled","ast-breadcrumbs-content":"","ast-featured-img":"disabled","footer-sml-layout":"","ast-disable-related-posts":"","theme-transparent-header-meta":"enabled","adv-header-id-meta":"","stick-header-meta":"","header-above-stick-meta":"","header-main-stick-meta":"","header-below-stick-meta":"","astra-migrate-meta-layouts":"default","ast-page-background-enabled":"default","ast-page-background-meta":{"desktop":{"background-color":"var(--ast-global-color-4)","background-image":"","background-repeat":"repeat","background-position":"center center","background-size":"auto","background-attachment":"scroll","background-type":"","background-media":"","overlay-type":"","overlay-color":"","overlay-opacity":"","overlay-gradient":""},"tablet":{"background-color":"","background-image":"","background-repeat":"repeat","background-position":"center center","background-size":"auto","background-attachment":"scroll","background-type":"","background-media":"","overlay-type":"","overlay-color":"","overlay-opacity":"","overlay-gradient":""},"mobile":{"background-color":"","background-image":"","background-repeat":"repeat","background-position":"center center","background-size":"auto","background-attachment":"scroll","background-type":"","background-media":"","overlay-type":"","overlay-color":"","overlay-opacity":"","overlay-gradient":""}},"ast-content-background-meta":{"desktop":{"background-color":"var(--ast-global-color-5)","background-image":"","background-repeat":"repeat","background-position":"center center","background-size":"auto","background-attachment":"scroll","background-type":"","background-media":"","overlay-type":"","overlay-color":"","overlay-opacity":"","overlay-gradient":""},"tablet":{"background-color":"var(--ast-global-color-5)","background-image":"","background-repeat":"repeat","background-position":"center center","background-size":"auto","background-attachment":"scroll","background-type":"","background-media":"","overlay-type":"","overlay-color":"","overlay-opacity":"","overlay-gradient":""},"mobile":{"background-color":"var(--ast-global-color-5)","background-image":"","background-repeat":"repeat","background-position":"center center","background-size":"auto","background-attachment":"scroll","background-type":"","background-media":"","overlay-type":"","overlay-color":"","overlay-opacity":"","overlay-gradient":""}},"footnotes":""},"class_list":["post-6238","page","type-page","status-publish","hentry"],"acf":[],"_links":{"self":[{"href":"https:\/\/tecnospiromt.com\/ca\/wp-json\/wp\/v2\/pages\/6238","targetHints":{"allow":["GET"]}}],"collection":[{"href":"https:\/\/tecnospiromt.com\/ca\/wp-json\/wp\/v2\/pages"}],"about":[{"href":"https:\/\/tecnospiromt.com\/ca\/wp-json\/wp\/v2\/types\/page"}],"author":[{"embeddable":true,"href":"https:\/\/tecnospiromt.com\/ca\/wp-json\/wp\/v2\/users\/1"}],"replies":[{"embeddable":true,"href":"https:\/\/tecnospiromt.com\/ca\/wp-json\/wp\/v2\/comments?post=6238"}],"version-history":[{"count":22,"href":"https:\/\/tecnospiromt.com\/ca\/wp-json\/wp\/v2\/pages\/6238\/revisions"}],"predecessor-version":[{"id":7798,"href":"https:\/\/tecnospiromt.com\/ca\/wp-json\/wp\/v2\/pages\/6238\/revisions\/7798"}],"wp:attachment":[{"href":"https:\/\/tecnospiromt.com\/ca\/wp-json\/wp\/v2\/media?parent=6238"}],"curies":[{"name":"wp","href":"https:\/\/api.w.org\/{rel}","templated":true}]}}