{"id":6249,"date":"2023-12-18T07:52:19","date_gmt":"2023-12-18T07:52:19","guid":{"rendered":"https:\/\/tecnospiromt.com\/cookies-policy\/"},"modified":"2024-01-12T11:12:58","modified_gmt":"2024-01-12T11:12:58","slug":"cookies-policy","status":"publish","type":"page","link":"https:\/\/tecnospiromt.com\/ca\/cookies-policy\/","title":{"rendered":"Cookies Policy"},"content":{"rendered":"\t\t<div data-elementor-type=\"wp-page\" data-elementor-id=\"6249\" class=\"elementor elementor-6249 elementor-5681\" data-elementor-post-type=\"page\">\n\t\t\t\t<div class=\"elementor-element elementor-element-e07b6ad e-flex e-con-boxed e-con e-parent\" data-id=\"e07b6ad\" data-element_type=\"container\" data-e-type=\"container\">\n\t\t\t\t\t<div class=\"e-con-inner\">\n\t\t\t\t<div class=\"elementor-element elementor-element-46e31f3 elementor-widget elementor-widget-heading\" data-id=\"46e31f3\" data-element_type=\"widget\" data-e-type=\"widget\" data-widget_type=\"heading.default\">\n\t\t\t\t<div class=\"elementor-widget-container\">\n\t\t\t\t\t<h2 class=\"elementor-heading-title elementor-size-default\">Pol\u00edtica de cookies<\/h2>\t\t\t\t<\/div>\n\t\t\t\t<\/div>\n\t\t\t\t<div class=\"elementor-element elementor-element-fa29f70 elementor-widget elementor-widget-html\" data-id=\"fa29f70\" data-element_type=\"widget\" data-e-type=\"widget\" data-widget_type=\"html.default\">\n\t\t\t\t<div class=\"elementor-widget-container\">\n\t\t\t\t\t<div style=\"margin-bottom: 40px;\">\r\n    <h2>\r\n        1.INTRODUCCI\u00d3\r\n    <\/h2>\r\n    <p>\r\n        El lloc web de www.roscamat.com utilitza cookies pr\u00f2pies i de tercers. Una cookie \u00e9s un arxiu que es descarrega en el\r\n        seu ordinador en accedir a determinades p\u00e0gines web. Les cookies permeten a una p\u00e0gina web, entre altres\r\n        finalitats, assegurar el correcte funcionament de la p\u00e0gina, permetre a l'Usuari un acc\u00e9s m\u00e9s r\u00e0pid als serveis\r\n        seleccionats, emmagatzemar i recuperar informaci\u00f3 sobre els h\u00e0bits de navegaci\u00f3 d'un usuari o del seu equip i\r\n        fins i tot, depenent de la informaci\u00f3 que continguin i de la forma en qu\u00e8 utilitzi el seu equip, es poden\r\n        utilitzar per a recon\u00e8ixer a l'usuari. Les cookies s'associen \u00fanicament a un usuari an\u00f2nim i el seu ordinador o\r\n        dispositiu i no proporcionen refer\u00e8ncies que permetin con\u00e8ixer les seves dades personals, excepte perm\u00eds expr\u00e9s\r\n        d'aquell.\r\n        L'usuari pot, en tot moment, acceptar o rebutjar les cookies instal\u00b7lades que no siguin estrictament necess\u00e0ries\r\n        per al correcte funcionament de la web i l'acc\u00e9s a l'Usuari als seus serveis, a trav\u00e9s del panell d'ajust de\r\n        cookies proporcionat en la nostra web. Aix\u00ed mateix, podr\u00e0 configurar el seu navegador en tot moment sense que\r\n        aix\u00f2 perjudiqui la possibilitat de l'Usuari d'accedir als continguts. No obstant aix\u00f2, l'informem que el rebuig\r\n        de les cookies pot disminuir el bon funcionament de la web.\r\n    <\/p>\r\n<\/div>\r\n<div style=\"margin-bottom: 40px;\">\r\n    <h2>\r\n        2. COOKIES AFECTADES PER LA NORMATIVA I COOKIES EXEMPTES\r\n    <\/h2>\r\n    <p>\r\n        Segons la directiva de la UE, les cookies que requereixen el consentiment informat per part de l'usuari s\u00f3n les\r\n        cookies d'anal\u00edtica, les de publicitat i afiliaci\u00f3, quedant exceptuades les de car\u00e0cter t\u00e8cnic i les necess\u00e0ries\r\n        per al funcionament del lloc web o la prestaci\u00f3 de serveis expressament demandats per l'usuari.\r\n    <\/p>\r\n<\/div>\r\n<div style=\"margin-bottom: 40px;\">\r\n    <h2>\r\n        3. TIPUS DE COOKIES\r\n    <\/h2>\r\n    <p>\r\n        a) Segons l'entitat que les gestioni, hi ha Cookies pr\u00f2pies (aquelles que s'envien a l'equip terminal de\r\n        l'usuari des d'un equip o domini gestionat pel propi editor i des del qual es presta el servei sol\u00b7licitat per\r\n        l'usuari) i de tercers (les que s'envien a l'equip terminal de l'usuari des d'un equip o domini que no \u00e9s\r\n        gestionat per l'editor, sin\u00f3 per una altra entitat que tracta les dades obtingudes mitjan\u00e7ant les cookies).\r\n\r\n        b) Segons el temps que romanen actives, estan les de sessi\u00f3 (dissenyades per a demanar i emmagatzemar dades\r\n        mentre l'usuari accedeix a una p\u00e0gina web) i les persistents (en qu\u00e8 les dades s'emmagatzemen en el terminal i\r\n        poden ser accedits i tractats durant un per\u00edode definit pel responsable de la cookie -pot anar d'uns minuts a\r\n        diversos anys).\r\n\r\n        c) Segons la finalitat per a la qual tracten la informaci\u00f3 que recopilen, poden ser:\r\n\r\n        \u2013 Cookies t\u00e8cniques (necess\u00e0ries per a l'\u00fas de la web i la prestaci\u00f3 del servei contractat),\r\n\r\n        \u2013 Cookies de personalitzaci\u00f3 (que permeten a l'usuari accedir al servei amb caracter\u00edstiques predefinides, com\r\n        ara l'idioma, tipus de navegador, configuraci\u00f3 regional, etc.)\r\n\r\n        \u2013 Cookies d'an\u00e0lisis (recullen informaci\u00f3 de l'\u00fas que es realitza de la web),\r\n\r\n        \u2013 Cookies publicit\u00e0ries (recullen informaci\u00f3 sobre les prefer\u00e8ncies i eleccions personals dels usuaris),\r\n\r\n        \u2013 Cookies d'afiliats (permeten fer un seguiment de les visites procedents d'altres webs, amb les quals el lloc\r\n        web estableix un contracte d'afiliaci\u00f3).\r\n    <\/p>\r\n<\/div>\r\n<div style=\"margin-bottom: 40px;\">\r\n    <h2>\r\n        4. TIPUS DE COOKIES UTILITZADES PER A AQUEST LLOC WEB\r\n    <\/h2>\r\n    <p>\r\n        Mentre navega per la nostra web, poden emmagatzemar-se en el seu navegador les cookies de les nostres xarxes\r\n        socials. A continuaci\u00f3, li indiquem els enlla\u00e7os sobre les cookies de les xarxes socials que utilitzem en\r\n        aquesta web:\r\n    <ul>\r\n        <li>\r\n            Cookies de Facebook, veure m\u00e9s informaci\u00f3 en la seva pol\u00edtica de cookies\r\n        <\/li>\r\n        <li>\r\n            Cookies de Twitter, veure m\u00e9s informaci\u00f3 en la seva pol\u00edtica de cookies\r\n        <\/li>\r\n        <li>\r\n            Cookies d'Instagram, veure m\u00e9s informaci\u00f3 en la seva pol\u00edtica de cookies\r\n        <\/li>\r\n        <li>\r\n            Cookies de Linkedin, veure m\u00e9s informaci\u00f3 en la seva pol\u00edtica de cookies\r\n        <\/li>\r\n        <li>\r\n            Cookies de Pinterest, veure m\u00e9s informaci\u00f3 en la seva pol\u00edtica de cookies\r\n        <\/li>\r\n        <li>\r\n            Cookies de Youtube, veure m\u00e9s informaci\u00f3 en la seva pol\u00edtica de cookies\r\n        <\/li>\r\n    <\/ul>\r\n    <br>\r\n    <h3>WordPress<\/h3>\r\n    <table border=\"\\\" style=\"overflow-x: auto;\">\r\n        <tbody>\r\n            <tr>\r\n                <td>Nom<\/td>\r\n                <td>Caducitat<\/td>\r\n                <td>Funci\u00f3<\/td>\r\n            <\/tr>\r\n            <tr>\r\n                <td>wp-settings-time-*<\/td>\r\n                <td>1 Any<\/td>\r\n                <td>per a emmagatzemar les prefer\u00e8ncies de l'usuari.<\/td>\r\n            <\/tr>\r\n            <tr>\r\n                <td>wordpress-logged_in_*<\/td>\r\n                <td>1 Any<\/td>\r\n                <td>per a emmagatzemar usuaris registrats.<\/td>\r\n            <\/tr>\r\n            <tr>\r\n                <td>twk_uuid_*<\/td>\r\n                <td>6 Mesos<\/td>\r\n                <td>amb funcionalitat desconeguda.<\/td>\r\n            <\/tr>\r\n            <tr>\r\n                <td>wp-settings-*<\/td>\r\n                <td>1 Any<\/td>\r\n                <td>per a emmagatzemar les prefer\u00e8ncies de l'usuari.<\/td>\r\n            <\/tr>\r\n            <tr>\r\n                <td>wordpress-sec_*<\/td>\r\n                <td>15 dies<\/td>\r\n                <td>per a brindar protecci\u00f3 contra pirates inform\u00e0tics, emmagatzemi els detalls del compte.<\/td>\r\n            <\/tr>\r\n            <tr>\r\n                <td>wordpress-test-cookie <\/td>\r\n                <td>Session <\/td>\r\n                <td>per a llegir si es poden col\u00b7locar cookies.<\/td>\r\n            <\/tr>\r\n            <tr>\r\n                <td>wp-settings-time-1<\/td>\r\n                <td>1Any<\/td>\r\n                <td>per a emmagatzemar les prefer\u00e8ncies de l'usuari.<\/td>\r\n            <\/tr>\r\n            <tr>\r\n                <td>wp-settings-time-1<\/td>\r\n                <td>1Any<\/td>\r\n                <td>per a emmagatzemar les prefer\u00e8ncies de l'usuari.<\/td>\r\n            <\/tr>\r\n        <\/tbody>\r\n    <\/table>\r\n    <br>\r\n    <h3>PHP<\/h3>\r\n    <table border=\"\\\" style=\"overflow-x: auto;\">\r\n        <tbody>\r\n            <tr>\r\n                <td>Nom<\/td>\r\n                <td>Caducitat<\/td>\r\n                <td>Funci\u00f3<\/td>\r\n            <\/tr>\r\n            <tr>\r\n                <td>PHPSESSID<\/td>\r\n                <td>Session<\/td>\r\n                <td>per a proporcionar funcions en totes les p\u00e0gines.<\/td>\r\n            <\/tr>\r\n        <\/tbody>\r\n    <\/table>\r\n    <br>\r\n    <h3>\r\n        WPML\r\n    <\/h3>\r\n    <table border=\"\\\" style=\"overflow-x: auto;\">\r\n        <tbody>\r\n            <tr>\r\n                <td>Nom<\/td>\r\n                <td>Caducitat<\/td>\r\n                <td>Funci\u00f3<\/td>\r\n            <\/tr>\r\n            <tr>\r\n                <td>wp-wpml-current-admin-language_*<\/td>\r\n                <td>1 Any<\/td>\r\n                <td>per a emmagatzemar la configuraci\u00f3 d'idioma.<\/td>\r\n            <\/tr>\r\n            <tr>\r\n                <td>wp-wpml-current-language<\/td>\r\n                <td>1 Dia<\/td>\r\n                <td>per a emmagatzemar les prefer\u00e8ncies de l'usuari.<\/td>\r\n            <\/tr>\r\n        <\/tbody>\r\n    <\/table>\r\n    <br>\r\n    <h3>\r\n        Google\r\n    <\/h3>\r\n    <table border=\"\\\" style=\"overflow-x: auto;\">\r\n        <tbody>\r\n            <tr>\r\n                <td>Nom<\/td>\r\n                <td>Caducitat<\/td>\r\n                <td>Funci\u00f3<\/td>\r\n            <\/tr>\r\n            <tr>\r\n                <td>__Secure-ENID<\/td>\r\n                <td>1 Any<\/td>\r\n                <td>S'utilitza per a emmagatzemar prefer\u00e8ncies i informaci\u00f3 de l<br>usuari, com a prefer\u00e8ncies d'idioma.\r\n                <\/td>\r\n            <\/tr>\r\n            <tr>\r\n                <td>__Secure-3PSIDTS<\/td>\r\n                <td>1 Any<\/td>\r\n                <td>cookie persistent segura de serveis de Google<\/td>\r\n            <\/tr>\r\n            <tr>\r\n                <td>__Secure-3PSIDCC<\/td>\r\n                <td>1 Any <br>y 1 Mes<\/td>\r\n                <td>S'utilitza per a oferir anuncis m\u00e9s rellevants per a vost\u00e8 i els seus interessos.<\/td>\r\n            <\/tr>\r\n            <tr>\r\n                <td>__Secure-3PSID<\/td>\r\n                <td>1 Any y 1 Mes <\/td>\r\n                <td>S'utilitza per a oferir anuncis m\u00e9s <br> rellevants per a vost\u00e8 i els seus interessos.<\/td>\r\n            <\/tr>\r\n            <tr>\r\n                <td>__Secure-3PAPISID<\/td>\r\n                <td>1 Any<\/td>\r\n                <td>S'utilitza per a oferir anuncis m\u00e9s rellevants per a vost\u00e8 i els seus interessos.<\/td>\r\n            <\/tr>\r\n            <tr>\r\n                <td>__Secure-1PSIDTS<\/td>\r\n                <td>1 Any<\/td>\r\n                <td>Se utilitza per a emmagatzemar prefer\u00e8ncies i informaci\u00f3 <br> de l'usuari en visualitzar p\u00e0gines amb\r\n                    mapes de Google<\/td>\r\n            <\/tr>\r\n            <tr>\r\n                <td>__Secure-1PSIDCC<\/td>\r\n                <td>1 Any<\/td>\r\n                <td>S'utilitza per a oferir anuncis m\u00e9s rellevants per a vost\u00e8 i els seus interessos.<\/td>\r\n            <\/tr>\r\n            <tr>\r\n                <td>__Secure-1PSID<\/td>\r\n                <td>1 Any y 1Mes<\/td>\r\n                <td>Se utilitza per a emmagatzemar prefer\u00e8ncies e <br> informaci\u00f3 de l'usuari en visualitzar p\u00e0gines amb\r\n                    mapes de Google.<\/td>\r\n            <\/tr>\r\n            <tr>\r\n                <td>__Secure-1PAPISID<\/td>\r\n                <td>1 Any y 1 Mes<\/td>\r\n                <td>Se utiliza para ofrecer anuncios m\u00e1s relevantes<br>para usted y sus intereses.<\/td>\r\n            <\/tr>\r\n            <tr>\r\n                <td>SSID<\/td>\r\n                <td>1 Any y 1 Mes<\/td>\r\n                <td>Amb<br>funcionalitat desconeguda.<\/td>\r\n            <\/tr>\r\n            <tr>\r\n                <td>SOCS<\/td>\r\n                <td>2 Any<\/td>\r\n                <td>S'utilitza per a<br>confirmar l'autenticitat dels visitants, protegir les dades dels visitants i\r\n                    evitar l'\u00fas<br>fraudulent de les credencials.<\/td>\r\n            <\/tr>\r\n            <tr>\r\n                <td>SIDCC<\/td>\r\n                <td>1 Any<\/td>\r\n                <td>per a <br>proporcionar la identificaci\u00f3 del tr\u00e0nsit web de confian\u00e7a<\/td>\r\n            <\/tr>\r\n            <tr>\r\n                <td>SID<\/td>\r\n                <td>1<br>Any<\/td>\r\n                <td>per a proporcionar lliurament d'anuncis o retargeting, proporcionar prevenci\u00f3 detd,<br>frau.<\/td>\r\n            <\/tr>\r\n            <tr>\r\n                <td>SEARCH-SAMESITE<\/td>\r\n                <td>6 Meses<\/td>\r\n                <td>utilitzat per al correctetd,<br>enviament de dades a Google.<\/td>\r\n            <\/tr>\r\n            <tr>\r\n                <td>SAPISID<\/td>\r\n                <td>1 Any y 1 Mes<\/td>\r\n                <td>S'utilitzatd, <br>per a emmagatzemar prefer\u00e8ncies i informaci\u00f3 de l'usuari en visualitzar p\u00e0gines\r\n                    amb mapes de Google<\/td>\r\n            <\/tr>\r\n            <tr>\r\n                <td>OTZ<\/td>\r\n                <td>1 Any<\/td>\r\n                <td>utilizat per a publicitat i per a analitzar l'\u00fas del motortd, <br>de cerca<\/td>\r\n            <\/tr>\r\n            <tr>\r\n                <td>NID<\/td>\r\n                <td>6 Mesos<\/td>\r\n                <td>usat per a mostrar anuncis de<br> lbGoogle en els serveis de Google a usuaris que no tinguin la\r\n                    sessi\u00f3 iniciada.<\/td>\r\n            <\/tr>\r\n            <tr>\r\n                <td>DV<\/td>\r\n                <td>1 Any<\/td>\r\n                <td>per a proporcionar lliurament d'anuncis o retargeting.<\/td>\r\n            <\/tr>\r\n            <tr>\r\n                <td>HSID<\/td>\r\n                <td>1 Any y 1 Mes<\/td>\r\n                <td>per a proporcionar prevenci\u00f3 del frau.<\/td>\r\n            <\/tr>\r\n            <tr>\r\n                <td>CONSENT<\/td>\r\n                <td>1 Any<\/td>\r\n                <td>amb funcionalitat desconeguda.. <\/td>\r\n            <\/tr>\r\n            <tr>\r\n                <td>APISID<\/td>\r\n                <td>1 Any<\/td>\r\n                <td>amb funcionalitat desconeguda.<\/td>\r\n            <\/tr>\r\n            <tr>\r\n                <td>1P_JAR<\/td>\r\n                <td>1Any<\/td>\r\n                <td>Aquesta cookie realitza informaci\u00f3 sobre com l'usuari final utilitza el lloc web i <br> qualsevol\r\n                    publicitat que l'usuari final hagi vist abans de visitar aquest lloc web.<\/td>\r\n            <\/tr>\r\n        <\/tbody>\r\n    <\/table>\r\n    <\/p>\r\n    <h2>\r\n        4.2. Funcionament\r\n    <\/h2>\r\n    <p>\r\n        Tecnospiro Machine Tool S.L.U. no es fa responsable per les interfer\u00e8ncies, omissions, interrupcions, virus inform\u00e0tics o\r\n        altres elements que puguin produir alteracions en els sistemes de l'Usuari o en els seus documents o fitxers\r\n        motivats per causes alienes a Tecnospiro Machine Tool S.L.U. o en cas d'haver adoptat aquest mesures de seguretat\r\n        raonablement\r\n        adequades.\r\n        De la mateixa manera, Tecnospiro Machine Tool S.L.U. no assumeix la responsabilitat derivada de retards o, bloquejos en el\r\n        funcionament operatiu del Portal causat per defici\u00e8ncies o sobrec\u00e0rrega en les l\u00ednies telef\u00f2niques o en\r\n        Internet,\r\n        aix\u00ed com de danys causats per terceres persones mitjan\u00e7ant intromissions ilegitimas.\r\n        Tecnospiro Machine Tool S.L.U. es reserva el dret de suspendre l'acc\u00e9s al Portal amb motiu d'operacions de manteniment,\r\n        reparaci\u00f3 i\/o millora.\r\n    <\/p>\r\n    <h2>\r\n        4.3. Enlla\u00e7os\r\n    <\/h2>\r\n    <p>\r\n        Tecnospiro Machine Tool S.L.U. no es fa responsable dels continguts i serveis d'aquelles p\u00e0gines web que puguin estar\r\n        enlla\u00e7ades en el Portal m\u00e9s enll\u00e0 de la responsabilitat assignada per la Llei 34\/2002, de 12 de juliol, de\r\n        Serveis de la Societat de la Informaci\u00f3 i el Comer\u00e7 Electr\u00f2nic, en la mesura en qu\u00e8 pogu\u00e9s tenir coneixement\r\n        efectiu\r\n        de la il\u00b7licitud dels continguts i serveis subministrats en el portal web enlla\u00e7at i no desactivi l'enlla\u00e7 amb\r\n        la\r\n        dilig\u00e8ncia deguda.\r\n        Si desitja posar en el nostre coneixement l'exist\u00e8ncia d'un enlla\u00e7 cap a un lloc web amb continguts que\r\n        considera\r\n        inadequats o il\u00b7l\u00edcits pot posar-se en contacte amb nosaltres en comercial@tecnospiromt.com.\r\n    <\/p>\r\n<\/div>\r\n<div style=\"margin-bottom: 40px;\">\r\n    <h2>\r\n        5. Protecci\u00f3 de dades\r\n    <\/h2>\r\n    <p>\r\n        Pot accedir a la informaci\u00f3 detallada respecte del tractament de les dades personals que Tecnospiro Machine Tool S.L.U. duu a\r\n        terme dels Usuaris visitant la nostra Pol\u00edtica de privacitat.\r\n    <\/p>\r\n<\/div>\r\n<div style=\"margin-bottom: 40px;\">\r\n    <h2>\r\n        6. Legislaci\u00f3\r\n    <\/h2>\r\n    <p>\r\n        El present Av\u00eds Legal es regeix i interpreta, en cas de resultar necessari, per la legislaci\u00f3 comuna espanyola\r\n        i,\r\n        tret que s'estableixi el contrari en la normativa aplicable, qualsevol conflicte se sotmet per les parts als\r\n        jutges\r\n        i tribunals de la ciutat de Barcelona.\r\n    <\/p>\r\n<\/div>\t\t\t\t<\/div>\n\t\t\t\t<\/div>\n\t\t\t\t\t<\/div>\n\t\t\t\t<\/div>\n\t\t\t\t<\/div>\n\t\t","protected":false},"excerpt":{"rendered":"<p>Pol\u00edtica de cookies 1.INTRODUCCI\u00d3 El lloc web de www.roscamat.com utilitza cookies pr\u00f2pies i de tercers. Una cookie \u00e9s un arxiu que es descarrega en el seu ordinador en accedir a determinades p\u00e0gines web. Les cookies permeten a una p\u00e0gina web, entre altres finalitats, assegurar el correcte funcionament de la p\u00e0gina, permetre a l&#8217;Usuari un acc\u00e9s [&hellip;]<\/p>\n","protected":false},"author":1,"featured_media":0,"parent":0,"menu_order":0,"comment_status":"closed","ping_status":"closed","template":"","meta":{"_acf_changed":false,"site-sidebar-layout":"no-sidebar","site-content-layout":"page-builder","ast-site-content-layout":"default","site-content-style":"default","site-sidebar-style":"default","ast-global-header-display":"","ast-banner-title-visibility":"","ast-main-header-display":"","ast-hfb-above-header-display":"","ast-hfb-below-header-display":"","ast-hfb-mobile-header-display":"","site-post-title":"disabled","ast-breadcrumbs-content":"","ast-featured-img":"disabled","footer-sml-layout":"","ast-disable-related-posts":"","theme-transparent-header-meta":"enabled","adv-header-id-meta":"","stick-header-meta":"","header-above-stick-meta":"","header-main-stick-meta":"","header-below-stick-meta":"","astra-migrate-meta-layouts":"default","ast-page-background-enabled":"default","ast-page-background-meta":{"desktop":{"background-color":"var(--ast-global-color-4)","background-image":"","background-repeat":"repeat","background-position":"center center","background-size":"auto","background-attachment":"scroll","background-type":"","background-media":"","overlay-type":"","overlay-color":"","overlay-opacity":"","overlay-gradient":""},"tablet":{"background-color":"","background-image":"","background-repeat":"repeat","background-position":"center center","background-size":"auto","background-attachment":"scroll","background-type":"","background-media":"","overlay-type":"","overlay-color":"","overlay-opacity":"","overlay-gradient":""},"mobile":{"background-color":"","background-image":"","background-repeat":"repeat","background-position":"center center","background-size":"auto","background-attachment":"scroll","background-type":"","background-media":"","overlay-type":"","overlay-color":"","overlay-opacity":"","overlay-gradient":""}},"ast-content-background-meta":{"desktop":{"background-color":"var(--ast-global-color-5)","background-image":"","background-repeat":"repeat","background-position":"center center","background-size":"auto","background-attachment":"scroll","background-type":"","background-media":"","overlay-type":"","overlay-color":"","overlay-opacity":"","overlay-gradient":""},"tablet":{"background-color":"var(--ast-global-color-5)","background-image":"","background-repeat":"repeat","background-position":"center center","background-size":"auto","background-attachment":"scroll","background-type":"","background-media":"","overlay-type":"","overlay-color":"","overlay-opacity":"","overlay-gradient":""},"mobile":{"background-color":"var(--ast-global-color-5)","background-image":"","background-repeat":"repeat","background-position":"center center","background-size":"auto","background-attachment":"scroll","background-type":"","background-media":"","overlay-type":"","overlay-color":"","overlay-opacity":"","overlay-gradient":""}},"footnotes":""},"class_list":["post-6249","page","type-page","status-publish","hentry"],"acf":[],"_links":{"self":[{"href":"https:\/\/tecnospiromt.com\/ca\/wp-json\/wp\/v2\/pages\/6249","targetHints":{"allow":["GET"]}}],"collection":[{"href":"https:\/\/tecnospiromt.com\/ca\/wp-json\/wp\/v2\/pages"}],"about":[{"href":"https:\/\/tecnospiromt.com\/ca\/wp-json\/wp\/v2\/types\/page"}],"author":[{"embeddable":true,"href":"https:\/\/tecnospiromt.com\/ca\/wp-json\/wp\/v2\/users\/1"}],"replies":[{"embeddable":true,"href":"https:\/\/tecnospiromt.com\/ca\/wp-json\/wp\/v2\/comments?post=6249"}],"version-history":[{"count":14,"href":"https:\/\/tecnospiromt.com\/ca\/wp-json\/wp\/v2\/pages\/6249\/revisions"}],"predecessor-version":[{"id":7817,"href":"https:\/\/tecnospiromt.com\/ca\/wp-json\/wp\/v2\/pages\/6249\/revisions\/7817"}],"wp:attachment":[{"href":"https:\/\/tecnospiromt.com\/ca\/wp-json\/wp\/v2\/media?parent=6249"}],"curies":[{"name":"wp","href":"https:\/\/api.w.org\/{rel}","templated":true}]}}