{"id":6265,"date":"2023-12-15T11:55:52","date_gmt":"2023-12-15T11:55:52","guid":{"rendered":"https:\/\/tecnospiromt.com\/privacy-policy\/"},"modified":"2024-02-13T16:37:37","modified_gmt":"2024-02-13T16:37:37","slug":"privacy-policy","status":"publish","type":"page","link":"https:\/\/tecnospiromt.com\/ca\/privacy-policy\/","title":{"rendered":"Privacy Policy \u200b"},"content":{"rendered":"\t\t<div data-elementor-type=\"wp-page\" data-elementor-id=\"6265\" class=\"elementor elementor-6265 elementor-5652\" data-elementor-post-type=\"page\">\n\t\t\t\t<div class=\"elementor-element elementor-element-9722dee e-flex e-con-boxed e-con e-parent\" data-id=\"9722dee\" data-element_type=\"container\" data-e-type=\"container\">\n\t\t\t\t\t<div class=\"e-con-inner\">\n\t\t\t\t<div class=\"elementor-element elementor-element-46e31f3 elementor-widget elementor-widget-heading\" data-id=\"46e31f3\" data-element_type=\"widget\" data-e-type=\"widget\" data-widget_type=\"heading.default\">\n\t\t\t\t<div class=\"elementor-widget-container\">\n\t\t\t\t\t<h2 class=\"elementor-heading-title elementor-size-default\">Pol\u00edtica de Privacitat<\/h2>\t\t\t\t<\/div>\n\t\t\t\t<\/div>\n\t\t\t\t<div class=\"elementor-element elementor-element-8dcadc0 elementor-widget elementor-widget-html\" data-id=\"8dcadc0\" data-element_type=\"widget\" data-e-type=\"widget\" data-widget_type=\"html.default\">\n\t\t\t\t<div class=\"elementor-widget-container\">\n\t\t\t\t\t<div style=\"margin-bottom: 40px;\">\r\n    <p>\r\n        Aquesta Pol\u00edtica de Privacitat descriu el tractament de les dades personals per part de www.roscamat.com la qual\r\n        s'ajusta\r\n        al que s'estableix en la Llei org\u00e0nica 3\/2018, de 5 de desembre, de Protecci\u00f3 de Dades Personals i garantia dels\r\n        drets digitals i el Reglament (UE) 2016\/679 del Parlament Europeu i del Consell, de 27 d'abril de 2016, relatiu\r\n        a\r\n        la protecci\u00f3 de les persones f\u00edsiques pel que fa al tractament de dades personals i a la lliure circulaci\u00f3\r\n        d'aquestes dades.\r\n    <\/p>\r\n<\/div>\r\n<div style=\"margin-bottom: 40px;\">\r\n    <h2>\r\n        Qui \u00e9s el responsable de les dades?\r\n    <\/h2>\r\n    <p>\r\n        Identitat del responsable: Jordi Jou<br>\r\n<br>\r\n        Nom comercial: Tecnospiro Machine Tool S.L.U.<br>\r\n<br>\r\n        CIF: B64824287<br>\r\n<br>\r\n        Adre\u00e7a: Pol. Ind. Pla dels Vinyats I, s\/n, Nau 1, 08250, Sant Joan de Vilatorrada<br>\r\n<br>\r\n        Tel\u00e8fon: (+34)938764359<br>\r\n<br>\r\n        Correu electr\u00f2nic: comercial@tecnospiromt.com<br>\r\n<br>\r\n        Pot dirigir-se qualsevol consulta o comunicaci\u00f3 a l'adre\u00e7a de correu electr\u00f2nic comercial@tecnospiromt.com o,\r\n        alternativament, mitjan\u00e7ant correu postal a Pol. Ind. Pla dels Vinyats I, s\/n, Nau 1, 08250, Sant Joan de Vilatorrada.\r\n    <\/p>\r\n<\/div>\r\n<div style=\"margin-bottom: 40px;\">\r\n    <h2>\r\n        Quines categories de dades es tracten?\r\n    <\/h2>\r\n    <h5>\r\n        2.1.Continguts\r\n    <\/h5>\r\n    <p>\r\n        Nom i cognoms<br>\r\n<br>\r\n        Adre\u00e7a de correu electr\u00f2nic, personal i\/o professional<br>\r\n<br>\r\n        N\u00famero\/s de tel\u00e8fon, personal i\/o professional<br>\r\n<br>\r\n        Direcci\u00f3, personal i\/o professional<br>\r\n<br>\r\n        Empresa i c\u00e0rrec dins de l'organitzaci\u00f3<br>\r\n<br>\r\n        DNI\/CIF\/NIE<br>\r\n<br>\r\n        Qualsevol altra informaci\u00f3 que faciliti a trav\u00e9s dels camps de text lliure inclosos en els formularis habilitats\r\n\r\n<\/div>\r\n<div style=\"margin-bottom: 40px;\">\r\n    <h2>\r\n        Tipus de Dades Mantingudes per Tecnospiro Machine Tool S.L.U.\r\n    <\/h2>\r\n    <p>\r\n        A continuaci\u00f3 s'explica la finalitat, termini de conservaci\u00f3 i legitimaci\u00f3 de les dades recaptades i mantingudes\r\n        per Tecnospiro Machine Tool S.L.U.. <br>S'informa l'interessat que no es generaran perfils comercials ni es prendran decisions\r\n        automatitzades.\r\n    <\/p>\r\n<\/div>\r\n<div style=\"margin-bottom: 40px;\">\r\n    <h2>\r\n        Dades de Clients\r\n    <\/h2>\r\n    <p>\r\n        Tecnospiro Machine Tool S.L.U. conservar\u00e0 les dades de car\u00e0cter personal per a la prestaci\u00f3 dels serveis jur\u00eddics sol\u00b7licitats per\r\n        qualsevol client o potencial client. <br>Normalment, l'abast de tals serveis jur\u00eddics quedar\u00e0 delimitat en la carta\r\n        per enc\u00e0rrec signada entre Tecnospiro Machine Tool S.L.U. i el client. <br>Tamb\u00e9, Tecnospiro Machine Tool S.L.U. podr\u00e0 tractar les dades personals en\r\n        seu precontractual, com per exemple amb la finalitat de preparar una proposta de serveis al client o potencial\r\n        client.\r\n    <\/p>\r\n<\/div>\r\n<div style=\"margin-bottom: 40px;\">\r\n    <h2>\r\n        Amb quina finalitat es tracten les dades?\r\n    <\/h2>\r\n    <p>\r\n        Les dades personals dels nostres clients seran tractats per al desenvolupament i execuci\u00f3 dels serveis\r\n        sol\u00b7licitats i\/o contractats, la qual cosa inclou:\r\n<\/p>\r\n    <ul>\r\n        <li>\r\n            Elaborar adequadament la proposta de serveis sol\u00b7licitada.\r\n        <\/li>\r\n        <li>\r\n            Gestionar la contractaci\u00f3 dels serveis sol\u00b7licitats i la facturaci\u00f3 corresponent.\r\n        <\/li>\r\n        <li>\r\n            Mantenir el contacte per a recaptar informaci\u00f3 o proporcionar informaci\u00f3 sobre els serveis contractats i\/o\r\n            modificacions en aquest.\r\n        <\/li>\r\n        <li>\r\n            Donar compliment a les obligacions contractuals i comercials assumides i a quantes obligacions legals hagin\r\n            de ser ateses per Tecnospiro Machine Tool S.L.U..\r\n        <\/li>\r\n        <li>\r\n            Con\u00e8ixer el grau de satisfacci\u00f3 amb els serveis rebuts.\r\n        <\/li>\r\n        <li>\r\n            Enviar comunicacions electr\u00f2niques en relaci\u00f3 amb activitats, novetats, esdeveniments i not\u00edcies de\r\n            l'empresa que puguin ser del seu inter\u00e8s d'acord amb la naturalesa del servei contractat i sempre que no\r\n            manifesti el seu desig de no rebre-les a l'empara del perm\u00e8s per la Llei 34\/2002, d'11 de juliol, de serveis\r\n            de la societat de la informaci\u00f3 i de comer\u00e7 electr\u00f2nic.\r\n        <\/li>\r\n        <li>\r\n            En relaci\u00f3 amb les sol\u00b7licituds de contacte, les dades seran objecte de tractament amb la finalitat de\r\n            proporcionar una adequada gesti\u00f3 i atenci\u00f3 de la sol\u00b7licitud d'acord amb la naturalesa d'aquesta.\r\n        <\/li>\r\n    <\/ul>\r\n<p>\r\n    Aix\u00ed mateix, es tractaran les dades amb finalitats de m\u00e0rqueting en cas que se sol\u00b7liciti l'alta en la secci\u00f3\r\n    \u201cMantingui's informat\u201d i en aquells sup\u00f2sits en qu\u00e8 es proporcioni expressament el consentiment necessari per a\r\n    aix\u00f2. <br>Aquesta finalitat inclou l'enviament de comunicacions electr\u00f2niques peri\u00f2diques en relaci\u00f3 amb informaci\u00f3,\r\n    activitats, novetats, esdeveniments i not\u00edcies relatives a l'empresa o al sector jur\u00eddic en general i que puguin ser\r\n    d'inter\u00e8s per als Usuaris i sempre que no manifestin el seu desig de deixar de rebre-les.\r\n\r\n    En cas de sol\u00b7licitar inscripci\u00f3 i\/o participar en algun dels esdeveniments que celebrem, s'utilitzaran el nom i\r\n    cognoms, adre\u00e7a de correu electr\u00f2nic i dades professionals (empresa i c\u00e0rrec) per a gestionar la inscripci\u00f3 a\r\n    l'esdeveniment de refer\u00e8ncia i mantenir el contacte amb la finalitat de confirmar assist\u00e8ncia o informar de\r\n    qualsevol novetat o canvi en l'esdeveniment seleccionat. <br>Aix\u00ed mateix, podem utilitzar les dades per a recaptar\r\n    l'opini\u00f3 i experi\u00e8ncia sobre l'esdeveniment, realitzar estudis estad\u00edstics, aix\u00ed com per a enviar-li informaci\u00f3\r\n    sobre futurs esdeveniments, not\u00edcies i novetats de l'empresa.\r\n\r\n    Aix\u00ed mateix, nom\u00e9s en cas que sigui sol\u00b7licitat i, sempre que no retiri el seu consentiment, usarem les dades per a\r\n    l'enviament de newsletters i comunicacions comercials electr\u00f2niques peri\u00f2diques en relaci\u00f3 amb informaci\u00f3,\r\n    activitats, novetats, esdeveniments i not\u00edcies relatives a l'empresa o al sector jur\u00eddic que puguin ser del teu\r\n    inter\u00e8s.\r\n\r\n    Quan s'accedeix al portal web, es duu a terme un tractament de dades de l'usuari amb la finalitat d'elaborar\r\n    informes estad\u00edstics i perfils an\u00f2nims respecte als h\u00e0bits d'acc\u00e9s i l'activitat desenvolupada pels Usuaris durant\r\n    la seva navegaci\u00f3.\r\n\r\n    Tret que s'indiqui el contrari, les dades sol\u00b7licitades s\u00f3n necessaris pel que la seva no aportaci\u00f3 impedir\u00e0 la\r\n    presentaci\u00f3 de la sol\u00b7licitud en q\u00fcesti\u00f3.\r\n\r\n    Tecnospiro Machine Tool S.L.U. participa en xarxes socials. <br>El tractament de les dades que es realitzi dels Usuaris que es facin\r\n    seguidors (i\/o realitzin qualsevol vincle o acci\u00f3 de connexi\u00f3 a trav\u00e9s de les xarxes socials) de les p\u00e0gines\r\n    oficials de Tecnospiro Machine Tool S.L.U. en les xarxes socials, es regir\u00e0 per aquelles condicions d'\u00fas, pol\u00edtiques de privacitat i\r\n    altres normatives d'acc\u00e9s, \u00fas i similars que pertanyin a la xarxa social que correspongui, que l'usuari, com a\r\n    participant d'aquestes xarxes socials, haur\u00e0 acceptat pr\u00e8viament. <br>En conseq\u00fc\u00e8ncia, Tecnospiro Machine Tool S.L.U. no es fa responsable\r\n    de la informaci\u00f3 personal compartida per l'usuari en les xarxes socials.\r\n    <\/p>\r\n<\/div>\r\n<div style=\"margin-bottom: 40px;\">\r\n    <h2>\r\n        Quina \u00e9s la legitimaci\u00f3 per al tractament de les dades?\r\n    <\/h2>\r\n    <p>\r\n        La legitimaci\u00f3 respecte del tractament relatiu al desenvolupament i execuci\u00f3 dels serveis sol\u00b7licitats i\/o\r\n        contractats t\u00e9 el seu origen en la relaci\u00f3 contractual entre les parts. <br>La resta dels tractaments la base legal\r\n        del tractament \u00e9s el consentiment prestat i l'inter\u00e8s leg\u00edtim en el manteniment de la relaci\u00f3 existent.\r\n    <\/p>\r\n<\/div>\r\n<div style=\"margin-bottom: 40px;\">\r\n    <h2>\r\n        Quant temps guarda Tecnospiro Machine Tool S.L.U. les dades?\r\n    <\/h2>\r\n    <p>\r\n        Les dades personals objecte de tractament per Tecnospiro Machine Tool S.L.U. seran tractats mentre sigui necessari per a la\r\n        finalitat per a la qual van ser recollits o continu\u00ef vigent la relaci\u00f3 entre les parts i sempre que el titular\r\n        d'aquells no manifesti la seva oposici\u00f3 o arrebossat el consentiment prestat. <br>Una vegada finalitzat aquest\r\n        termini, i nom\u00e9s en el cas que resulti necessari d'acord amb la normativa vigent, es conservaran les dades\r\n        degudament bloquejades durant els terminis legalment establerts. <br>Si desitja obtenir m\u00e9s informaci\u00f3 referent a\r\n        aix\u00f2 pot sol\u00b7licitar-la en comercial@tecnospiromt.com.\r\n    <\/p>\r\n<\/div>\r\n<div style=\"margin-bottom: 40px;\">\r\n    <h2>\r\n        Dades de persones que sol\u00b7licitie informaci\u00f3\r\n    <\/h2>\r\n    <p>\r\n        Finalitat: Tecnospiro Machine Tool S.L.U. conservar\u00e0 les dades personals i materials d'acompanyament que envi\u00ef qualsevol persona\r\n        per qualsevol mitj\u00e0 sol\u00b7licitant informaci\u00f3 sobre els serveis de Tecnospiro Machine Tool S.L.U.. <br>La finalitat consistir\u00e0 a\r\n        respondre la consulta de l'interessat.\r\n\r\n        Termini de Conservaci\u00f3: Les dades personals de persones que sol\u00b7licitin informaci\u00f3 sobre els serveis de\r\n        Tecnospiro Machine Tool S.L.U., o d'alguna altra manera sol\u00b7licitin estar informats sobre una q\u00fcesti\u00f3 determinada, es conservaran\r\n        fins que l'interessat retiri el seu consentiment, tret que hi hagu\u00e9s una obligaci\u00f3 legal de conservar les dades\r\n        personals per un termini superior.\r\n\r\n        Legitimaci\u00f3: Tecnospiro Machine Tool S.L.U. est\u00e0 legitimat per a la conservaci\u00f3 de les dades personals de persones que sol\u00b7licitin\r\n        informaci\u00f3 de conformitat amb el consentiment espec\u00edfic que haur\u00e0 de retornar signat qualsevol interessat. <br>Si\r\n        l'interessat es negu\u00e9s a signar el consentiment espec\u00edfic, les seves dades i materials seran esborrats i no\r\n        s'atendr\u00e0 la consulta realitzada.\r\n    <\/p>\r\n<\/div>\r\n<div style=\"margin-bottom: 40px;\">\r\n    <h2>\r\n        Comunicacions Comercials\r\n    <\/h2>\r\n    <p>\r\n        Finalitat: En cas que Tecnospiro Machine Tool S.L.U. an\u00e9s a enviar a un interessat comunicacions comercials, Tecnospiro Machine Tool S.L.U.\r\n        sol\u00b7licitar\u00e0 a l'interessat el seu consentiment expr\u00e9s i previ per a tal efecte. <br>La finalitat ser\u00e0 enviar\r\n        comunicacions comercials puntuals o peri\u00f2diques a l'interessat, incloent-hi un newsletter i\/o comunicacions\r\n        espec\u00edfiques.\r\n\r\n        Termini de Conservaci\u00f3: Les dades personals de persones que acceptin rebre comunicacions comercials de\r\n        Tecnospiro Machine Tool S.L.U. es conservaran fins que l'interessat retiri el seu consentiment, tret que hi hagu\u00e9s una obligaci\u00f3\r\n        legal de conservar les dades personals per un termini superior.\r\n\r\n        Legitimaci\u00f3: Tecnospiro Machine Tool S.L.U. est\u00e0 legitimat per a la conservaci\u00f3 de les dades personals d'interessats a rebre\r\n        comunicacions comercials de Tecnospiro Machine Tool S.L.U. de conformitat amb el consentiment espec\u00edfic que haur\u00e0 de retornar\r\n        signat qualsevol interessat. <br>Si l'interessat es negu\u00e9s a signar el consentiment espec\u00edfic, les seves dades seran\r\n        esborrades i Tecnospiro Machine Tool S.L.U. no li enviar\u00e0 comunicacions comercials.\r\n    <\/p>\r\n<\/div>\r\n<div style=\"margin-bottom: 40px;\">\r\n    <h2>\r\n        Dades de Prove\u00efdors\r\n    <\/h2>\r\n    <p>\r\n        Finalitat: Tecnospiro Machine Tool S.L.U. conservar\u00e0 les dades de car\u00e0cter personal per a la recepci\u00f3 dels serveis prestats per\r\n        qualsevol prove\u00efdor o potencial prove\u00efdor de serveis. <br>Normalment, l'abast de tals serveis quedar\u00e0 delimitat en\r\n        el contracte de prestaci\u00f3 de serveis signat entre Tecnospiro Machine Tool S.L.U. i el prove\u00efdor de serveis. <br>Tamb\u00e9, Tecnospiro Machine Tool S.L.U.\r\n        podr\u00e0 tractar les dades personals en seu precontractual, com per exemple amb la finalitat de sol\u00b7licitar una\r\n        proposta de serveis al prove\u00efdor o potencial prove\u00efdor de serveis.\r\n\r\n        Termini de Conservaci\u00f3: Les dades personals de prove\u00efdors i potencials prove\u00efdors de serveis es conservaran en\r\n        tot cas mentre es mantingui la relaci\u00f3 jur\u00eddica amb Tecnospiro Machine Tool S.L.U. i, posteriorment, fins que el prove\u00efdor o\r\n        potencial prove\u00efdor de serveis sol\u00b7liciti la seva supressi\u00f3.\r\n\r\n        Legitimaci\u00f3: Tecnospiro Machine Tool S.L.U. est\u00e0 legitimat per a la conservaci\u00f3 de les dades personals per a l'execuci\u00f3 del\r\n        contracte de prestaci\u00f3 de serveis que se signi entre Tecnospiro Machine Tool S.L.U. i el subministrador de serveis, aix\u00ed com per a\r\n        qualssevol actuacions precontractuals. <br>Aix\u00ed mateix, Tecnospiro Machine Tool S.L.U. est\u00e0 legitimat per consentiment del prove\u00efdor\r\n        de serveis, el qual podr\u00e0 quedar reflectit en el contracte que se signi entre Tecnospiro Machine Tool S.L.U. i el prove\u00efdor de\r\n        serveis.\r\n\r\n        La comunicaci\u00f3 de les dades personals \u00e9s un requisit essencial per a la signatura del contracte de prestaci\u00f3 de\r\n        serveis, per la qual cosa el prove\u00efdor de serveis est\u00e0 obligat a la seva comunicaci\u00f3 a Tecnospiro Machine Tool S.L.U.. <br>En cas que\r\n        el prove\u00efdor de serveis no faciliti les seves dades personals, Tecnospiro Machine Tool S.L.U. podr\u00e0 negar-se a la signatura del\r\n        contracte de prestaci\u00f3 de serveis, negar-se a rebre els serveis i\/o resoldre la relaci\u00f3 jur\u00eddica en qualsevol\r\n        moment.\r\n    <\/p>\r\n<\/div>\r\n<div style=\"margin-bottom: 40px;\">\r\n    <h2>\r\n        A quins destinataris es comuniquen les dades?\r\n    <\/h2>\r\n    <p>\r\n        Per a complir amb les finalitats indicades, Tecnospiro Machine Tool S.L.U. pot comunicar dades a la societat aix\u00ed com a tercers\r\n        que ens proporcionen serveis financers, tecnol\u00f2gics, log\u00edstics, etc.\r\n\r\n        En el marc dels serveis professionals que presta Tecnospiro Machine Tool S.L.U., aix\u00ed com per a l'execuci\u00f3 de contractes amb\r\n        clients i prove\u00efdors, Tecnospiro Machine Tool S.L.U. pot comunicar les dades personals a tercers, incloent:\r\n    <ul>\r\n        <li>\r\n            Tercers als quals hagin de ser comunicats les dades personals, com ara jutges, tribunals, \u00e0rbitres,\r\n            col\u00b7legis d'advocats, administracions p\u00fabliques, contraparts, auditors, comptables, assessors, perits,\r\n            investigadors privats, advocats, procuradors, notaris, registradors i altres professionals de l'\u00e0mbit\r\n            jur\u00eddic;\r\n        <\/li>\r\n        <li>\r\n            Prove\u00efdors de serveis de Tecnospiro Machine Tool S.L.U. com ara prove\u00efdors inform\u00e0tics, comptables, auditors, emmagatzematge\r\n            de documents, i altres professionals de l'\u00e0mbit jur\u00eddic.\r\n        <\/li>\r\n    <\/ul>\r\n    A m\u00e9s de l'anterior, es comunicaran dades personals en aquells sup\u00f2sits requerits per la normativa vigent.\r\n    <\/p>\r\n<\/div>\r\n<div style=\"margin-bottom: 40px;\">\r\n    <h2>\r\n        Destinataris i Transfer\u00e8ncies Internacionals\r\n    <\/h2>\r\n    <p>\r\n        Excepte obligaci\u00f3 legal o consentiment expr\u00e9s de l'interessat, Tecnospiro Machine Tool S.L.U. no realitzar\u00e0 cap cessi\u00f3 ni cap\r\n        transfer\u00e8ncia internacional de dades de car\u00e0cter personal.\r\n    <\/p>\r\n<\/div>\r\n<div style=\"margin-bottom: 40px;\">\r\n    <h2>\r\n        Quins s\u00f3n els seus drets quan facilita les seves dades personals?\r\n    <\/h2>\r\n    <p>\r\n        Els Usuaris poden exercir els drets:\r\n    <ul>\r\n        <li>\r\n            D'acc\u00e9s a les dades personals que estiguin sent objecte de tractament i als detalls d'aquestes operacions de\r\n            tractament.\r\n        <\/li>\r\n        <li>\r\n            De rectificaci\u00f3 de les dades que siguin inexactes\r\n        <\/li>\r\n        <li>\r\n            De supressi\u00f3, en els casos previstos per la normativa\r\n        <\/li>\r\n        <li>\r\n            A la limitaci\u00f3 de les seves dades en els sup\u00f2sits que determina la llei\r\n        <\/li>\r\n        <li>\r\n            A la portabilitat de les seves dades quan el tractament sigui automatitzat i trobi la seva base legal en una\r\n            relaci\u00f3 contractual o en el consentiment\r\n        <\/li>\r\n        <li>\r\n            D'oposici\u00f3 al tractament en aquells sup\u00f2sits permesos per la llei\r\n        <\/li>\r\n        <li>\r\n            De revocaci\u00f3, en qualsevol moment, del consentiment prestat\r\n        <\/li>\r\n    <\/ul>\r\n    Podran exercitar els drets referits anteriorment, en els termes i condicions prevists en la legislaci\u00f3 vigent, en el\r\n    domicili social de Tecnospiro Machine Tool S.L.U. o enviant un correu electr\u00f2nic a comercial@tecnospiromt.com.\r\n\r\n    L'interessat haur\u00e0 d'indicar en tot cas el seu nom, cognoms i adre\u00e7a de contacte i, a m\u00e9s, haur\u00e0 d'acompanyar a\r\n    qualsevol sol\u00b7licitud una fotoc\u00f2pia del seu Document Nacional d'Identitat o el N\u00famero d'Identificaci\u00f3 d'Estranger.\r\n\r\n    L'interessat pot obtenir m\u00e9s informaci\u00f3 sobre els drets anteriors, aix\u00ed com formularis per a exercitar-los, en la\r\n    p\u00e0gina d'internet de l'Ag\u00e8ncia Espanyola de Protecci\u00f3 de Dades (AEPD) situada en C\/ Jorge Juan n\u00ba6, 28001 Madrid.\r\n    M\u00e9s informaci\u00f3 en www.aepd.es.\r\n    Si l'interessat ha atorgat el seu consentiment per a alguna finalitat espec\u00edfica, aquest t\u00e9 dret a retirar el\r\n    consentiment atorgat en qualsevol moment, sense que aix\u00f2 afecti la licitud del tractament basat en el consentiment\r\n    previ a la seva retirada.\r\n\r\n    En cas que l'interessat consideri vulnerats els seus drets pel que concerneix la protecci\u00f3 de les seves dades\r\n    personals, especialment quan no hagi obtingut satisfacci\u00f3 en l'exercici dels seus drets, pot presentar una\r\n    reclamaci\u00f3 davant l'Ag\u00e8ncia Espanyola de Protecci\u00f3 de Dades (AEPD) a trav\u00e9s de la seva p\u00e0gina d'internet\r\n    (www.agpd.es).\r\n    <\/p>\r\n<\/div>\t\t\t\t<\/div>\n\t\t\t\t<\/div>\n\t\t\t\t\t<\/div>\n\t\t\t\t<\/div>\n\t\t\t\t<\/div>\n\t\t","protected":false},"excerpt":{"rendered":"<p>Pol\u00edtica de Privacitat Aquesta Pol\u00edtica de Privacitat descriu el tractament de les dades personals per part de www.roscamat.com la qual s&#8217;ajusta al que s&#8217;estableix en la Llei org\u00e0nica 3\/2018, de 5 de desembre, de Protecci\u00f3 de Dades Personals i garantia dels drets digitals i el Reglament (UE) 2016\/679 del Parlament Europeu i del Consell, de [&hellip;]<\/p>\n","protected":false},"author":1,"featured_media":0,"parent":0,"menu_order":0,"comment_status":"closed","ping_status":"closed","template":"","meta":{"_acf_changed":false,"site-sidebar-layout":"no-sidebar","site-content-layout":"page-builder","ast-site-content-layout":"default","site-content-style":"default","site-sidebar-style":"default","ast-global-header-display":"","ast-banner-title-visibility":"","ast-main-header-display":"","ast-hfb-above-header-display":"","ast-hfb-below-header-display":"","ast-hfb-mobile-header-display":"","site-post-title":"disabled","ast-breadcrumbs-content":"","ast-featured-img":"disabled","footer-sml-layout":"","ast-disable-related-posts":"","theme-transparent-header-meta":"enabled","adv-header-id-meta":"","stick-header-meta":"","header-above-stick-meta":"","header-main-stick-meta":"","header-below-stick-meta":"","astra-migrate-meta-layouts":"default","ast-page-background-enabled":"default","ast-page-background-meta":{"desktop":{"background-color":"var(--ast-global-color-4)","background-image":"","background-repeat":"repeat","background-position":"center center","background-size":"auto","background-attachment":"scroll","background-type":"","background-media":"","overlay-type":"","overlay-color":"","overlay-opacity":"","overlay-gradient":""},"tablet":{"background-color":"","background-image":"","background-repeat":"repeat","background-position":"center center","background-size":"auto","background-attachment":"scroll","background-type":"","background-media":"","overlay-type":"","overlay-color":"","overlay-opacity":"","overlay-gradient":""},"mobile":{"background-color":"","background-image":"","background-repeat":"repeat","background-position":"center center","background-size":"auto","background-attachment":"scroll","background-type":"","background-media":"","overlay-type":"","overlay-color":"","overlay-opacity":"","overlay-gradient":""}},"ast-content-background-meta":{"desktop":{"background-color":"var(--ast-global-color-5)","background-image":"","background-repeat":"repeat","background-position":"center center","background-size":"auto","background-attachment":"scroll","background-type":"","background-media":"","overlay-type":"","overlay-color":"","overlay-opacity":"","overlay-gradient":""},"tablet":{"background-color":"var(--ast-global-color-5)","background-image":"","background-repeat":"repeat","background-position":"center center","background-size":"auto","background-attachment":"scroll","background-type":"","background-media":"","overlay-type":"","overlay-color":"","overlay-opacity":"","overlay-gradient":""},"mobile":{"background-color":"var(--ast-global-color-5)","background-image":"","background-repeat":"repeat","background-position":"center center","background-size":"auto","background-attachment":"scroll","background-type":"","background-media":"","overlay-type":"","overlay-color":"","overlay-opacity":"","overlay-gradient":""}},"footnotes":""},"class_list":["post-6265","page","type-page","status-publish","hentry"],"acf":[],"_links":{"self":[{"href":"https:\/\/tecnospiromt.com\/ca\/wp-json\/wp\/v2\/pages\/6265","targetHints":{"allow":["GET"]}}],"collection":[{"href":"https:\/\/tecnospiromt.com\/ca\/wp-json\/wp\/v2\/pages"}],"about":[{"href":"https:\/\/tecnospiromt.com\/ca\/wp-json\/wp\/v2\/types\/page"}],"author":[{"embeddable":true,"href":"https:\/\/tecnospiromt.com\/ca\/wp-json\/wp\/v2\/users\/1"}],"replies":[{"embeddable":true,"href":"https:\/\/tecnospiromt.com\/ca\/wp-json\/wp\/v2\/comments?post=6265"}],"version-history":[{"count":25,"href":"https:\/\/tecnospiromt.com\/ca\/wp-json\/wp\/v2\/pages\/6265\/revisions"}],"predecessor-version":[{"id":8294,"href":"https:\/\/tecnospiromt.com\/ca\/wp-json\/wp\/v2\/pages\/6265\/revisions\/8294"}],"wp:attachment":[{"href":"https:\/\/tecnospiromt.com\/ca\/wp-json\/wp\/v2\/media?parent=6265"}],"curies":[{"name":"wp","href":"https:\/\/api.w.org\/{rel}","templated":true}]}}