{"id":6570,"date":"2023-12-15T13:31:16","date_gmt":"2023-12-15T13:31:16","guid":{"rendered":"https:\/\/tecnospiromt.com\/legal-notice\/"},"modified":"2024-02-13T16:36:48","modified_gmt":"2024-02-13T16:36:48","slug":"legal-notice","status":"publish","type":"page","link":"https:\/\/tecnospiromt.com\/ca\/legal-notice\/","title":{"rendered":"Legal Notice"},"content":{"rendered":"\t\t<div data-elementor-type=\"wp-page\" data-elementor-id=\"6570\" class=\"elementor elementor-6570 elementor-5669\" data-elementor-post-type=\"page\">\n\t\t\t\t<div class=\"elementor-element elementor-element-a0da6fa e-flex e-con-boxed e-con e-parent\" data-id=\"a0da6fa\" data-element_type=\"container\" data-e-type=\"container\">\n\t\t\t\t\t<div class=\"e-con-inner\">\n\t\t\t\t<div class=\"elementor-element elementor-element-46e31f3 elementor-widget elementor-widget-heading\" data-id=\"46e31f3\" data-element_type=\"widget\" data-e-type=\"widget\" data-widget_type=\"heading.default\">\n\t\t\t\t<div class=\"elementor-widget-container\">\n\t\t\t\t\t<h2 class=\"elementor-heading-title elementor-size-default\">Av\u00eds legal<\/h2>\t\t\t\t<\/div>\n\t\t\t\t<\/div>\n\t\t\t\t<div class=\"elementor-element elementor-element-1cc6a79 elementor-widget elementor-widget-html\" data-id=\"1cc6a79\" data-element_type=\"widget\" data-e-type=\"widget\" data-widget_type=\"html.default\">\n\t\t\t\t<div class=\"elementor-widget-container\">\n\t\t\t\t\t<div style=\"margin-bottom: 40px;\"> \r\n    <p> Aquest av\u00eds legal (d'ara endavant, el \u201cAv\u00eds\u201d) regula l'\u00fas del portal web roscamat.com (d'ara endavant, el \u201cPortal\u201d) que Tecnospiro Machine Tool S.L.U. , (d'ara endavant, \u201cTecnospiro Machine Tool S.L.U.\u201d) posa a la disposici\u00f3 dels usuaris d'Internet. La utilitzaci\u00f3 del Portal, incloent-hi el mer acc\u00e9s, concedeix la condici\u00f3 d'usuari (d'ara endavant, el\/els \u201cUsuari\/s\u201d) i suposa l'acceptaci\u00f3 plena i sense reserves de totes les estipulacions d'aquest Av\u00eds que es trobin en vigor en el moment de l'acc\u00e9s. En conseq\u00fc\u00e8ncia, l'Usuari ha de llegir l'Av\u00eds cada vegada que utilitzi el Portal. L'Usuari \u00e9s conscient i accepta volunt\u00e0ria i expressament que l'\u00fas del Portal es realitza en tot cas sota la seva exclusiva responsabilitat.\r\n    <\/p>\r\n<\/div>\r\n<div style=\"margin-bottom: 40px;\">\r\n    <h2>\r\n        1.Informaci\u00f3 legal\r\n    <\/h2>\r\n    <p>\r\n        El titular del Portal \u00e9s: Tecnospiro Machine Tool S.L.U. <br>\r\n        Les nostres dades de contacte s\u00f3n els seg\u00fcents: <br>\r\n        Identitat del responsable: Jordi Jou <br>\r\n        Nom comercial: Tecnospiro Machine Tool S.L.U. <br>\r\n        CIF: B64824287 <br>\r\n        Adre\u00e7a: Pol. Ind. Pla dels Vinyats I, s\/n, Nau 1, 08250, Sant Joan de Vilatorrada <br>\r\n        Tel\u00e8fon: 0034938764359 <br>\r\n        Correu electr\u00f2nic: comercial@tecnospiromt.com <br>\r\n    <\/p>\r\n<\/div>\r\n<div style=\"margin-bottom: 40px;\">\r\n    <h2>\r\n        2.Condicions d'\u00fas\r\n    <\/h2>\r\n    <h3>\r\n        2.1.Continguts\r\n    <\/h3>\r\n    <p> L'acc\u00e9s al Portal \u00e9s de car\u00e0cter gratu\u00eft i l'Usuari s'obliga a fer un \u00fas adequat d'aquest, conforme a les condicions d'aquest Av\u00eds, a la normativa en vigor que resulti d'aplicaci\u00f3, la moral i l'ordre p\u00fablic. Els continguts del Portal tenen un car\u00e0cter merament informatiu.<br>La informaci\u00f3 inclosa no constitueix en cap cas una font d'assessorament ni estableix una relaci\u00f3 professional ni de cap altre tipus entre l'Usuari i Tecnospiro Machine Tool S.L.U. .<br>La seva utilitzaci\u00f3 \u00e9s responsabilitat exclusiva de l'Usuari, per la qual cosa es desaconsella la presa de decisions a partir de la informaci\u00f3 facilitada sense comptar amb l'adequat assessorament professional. Tecnospiro Machine Tool S.L.U. es reserva el dret de modificar en qualsevol moment i sense previ av\u00eds el contingut del Portal, el seu Av\u00eds i pol\u00edtica de privacitat o qualsevol altra condici\u00f3 o text que resulti d'aplicaci\u00f3.\r\n    <\/p>\r\n    <h3>\r\n        2.2.Enlla\u00e7os\r\n    <\/h3>\r\n    <p> Aquells Usuaris que desitgin introduir enlla\u00e7os des d'altres p\u00e0gines web cap al Portal han de sol\u00b7licitar autoritzaci\u00f3 pr\u00e8via a Tecnospiro Machine Tool S.L.U..<br>En qualsevol cas, aquests enlla\u00e7os s'autoritzaran sota les seg\u00fcents condicions: Han de dirigir-se a la p\u00e0gina principal o home page del Portal sense reproduir-la en cap forma. Es prohibeix la creaci\u00f3 de marcs o frames de qualsevol tipus que permetin que el Portal sigui visualitzat a trav\u00e9s de direccions diferents o de manera que indueixi a error, confusi\u00f3 o engany als usuaris respecte de l'origen del contingut, impliqui una conducta deslleial, utilitzi o perjudiqui de qualsevol forma la reputaci\u00f3 i imatge del despatx i la seva marca o sigui contrari de qualsevol forma a la normativa vigent, la moral o l'ordre p\u00fablic Es prohibeix la utilitzaci\u00f3 de qualsevol marca o signe distintiu de Tecnospiro Machine Tool S.L.U. que no compti amb autoritzaci\u00f3 expressa del seu titular. L'exist\u00e8ncia d'aquesta mena d'enlla\u00e7os no implica de cap manera l'exist\u00e8ncia de relacions entre Tecnospiro Machine Tool S.L.U., el propietari del lloc o de la p\u00e0gina web en la qual s'estableixi l'enlla\u00e7 cap al Portal, ni l'acceptaci\u00f3 o aprovaci\u00f3 dels seus continguts o serveis. Al seu torn, Tecnospiro Machine Tool S.L.U. pot introduir en el Portal enllacis que permeten als Usuaris accedir a p\u00e0gines web de tercers per a facilitar la navegaci\u00f3 i experi\u00e8ncia.<br>En aquests casos, Tecnospiro Machine Tool S.L.U. no es responsabilitza del contingut o serveis oferts per aquests ni dels danys que puguin originar-se amb motiu de la seva consulta o utilitzaci\u00f3. En tot cas, Tecnospiro Machine Tool S.L.U. es reserva el dret de prohibir en qualsevol moment l'\u00fas dels enlla\u00e7os pr\u00e8viament autoritzats, entre altres, en els sup\u00f2sits d'activitat o continguts il\u00b7l\u00edcits de la p\u00e0gina web en la qual s'inclou l'enlla\u00e7.<\/p> \r\n<\/div>\r\n<div style=\"margin-bottom: 40px;\">\r\n    <h2>\r\n        3.Propietat intel\u00b7lectual\r\n    <\/h2>\r\n    <p> Tots els continguts del Portal s\u00f3n propietat intel\u00b7lectual\/industrial de Tecnospiro Machine Tool S.L.U. o de tercers que han proporcionat les autoritzacions o llic\u00e8ncies necess\u00e0ries per a la seva utilitzaci\u00f3.<br>Entre altres, el nom del domini,les marques, el Portal, el codi font, i la tecnologia associada a aquest, els continguts publicats, incloent-hi els dissenys, textos i imatges.<br>  L'Usuari no podr\u00e0 realitzar una reproducci\u00f3, transformaci\u00f3, distribuci\u00f3, comunicaci\u00f3 p\u00fablica, posada a disposici\u00f3,extracci\u00f3 o \u00fas, per qualsevol mitj\u00e0 o procediment, dels citats elements, excepte en els casos en qu\u00e8 estigui legalment perm\u00e8s o sigui autoritzat de manera expressa per Tecnospiro Machine Tool S.L.U.\r\n    <\/p>\r\n<\/div>\r\n<div style=\"margin-bottom: 40px;\">\r\n    <h2>\r\n        4.Responsabilitat\r\n    <\/h2>\r\n    <h3>\r\n        4.1.Continguts\r\n    <\/h3>\r\n    <p> Tecnospiro Machine Tool S.L.U. i el seu personal aplicaran els mitjans i esfor\u00e7os raonables a facilitar a trav\u00e9s del Portal informaci\u00f3 actualitzada i fefaent.<br>No obstant aix\u00f2, no es fan responsables dels errors o omissions de la informaci\u00f3 o continguts facilitats a trav\u00e9s del Portal ni de l'aplicaci\u00f3 o \u00fas concret que pogu\u00e9s fer-se d'aquests. L'acc\u00e9s al Portal no implica l'obligaci\u00f3 de Tecnospiro Machine Tool S.L.U. ni del seu personal de comprovar la veracitat, exactitud, idone\u00eftat, adequaci\u00f3, exhaustivitat i actualitat de la informaci\u00f3 i continguts.<br>Els continguts del Portal no suposen en cap forma la prestaci\u00f3 de cap servei legal. L'Usuari \u00e9s l'\u00fanic responsable enfront de qualsevol reclamaci\u00f3 o acci\u00f3 legal, judicial o extrajudicial, iniciada per tercers contra Tecnospiro Machine Tool S.L.U. que tingui el seu origen en la utilitzaci\u00f3 del Portal per l'Usuari.<br>En el seu cas, l'Usuari assumir\u00e0 les despeses, costos i indemnitzacions originats a Tecnospiro Machine Tool S.L.U. amb motiu de tals reclamacions o accions legals.\r\n    <\/p>\r\n    <h3>\r\n        4.2.Funcionament\r\n    <\/h3>\r\n    <p> Tecnospiro Machine Tool S.L.U. no es fa responsable per les interfer\u00e8ncies, omissions, interrupcions, virus inform\u00e0tics o altres elements que puguin produir alteracions en els sistemes de l'Usuari o en els seus documents o fitxers motivats per causes alienes a Tecnospiro Machine Tool S.L.U. o en cas d'haver adoptat aquest mesures de seguretat raonablement adequades. De la mateixa manera, Tecnospiro Machine Tool S.L.U. no assumeix la responsabilitat derivada de retards o, bloquejos en el funcionament operatiu del Portal causat per defici\u00e8ncies o sobrec\u00e0rrega en les l\u00ednies telef\u00f2niques o en Internet, aix\u00ed com de danys causats per terceres persones mitjan\u00e7ant intromissions ilegitimas. Tecnospiro Machine Tool S.L.U. es reserva el dret de suspendre l'acc\u00e9s al Portal amb motiu d'operacions de manteniment, reparaci\u00f3 i\/o millora.\r\n    <\/p>\r\n    <h3>\r\n        4.3.Enlla\u00e7os\r\n    <\/h3>\r\n    <p> Tecnospiro Machine Tool S.L.U. no es fa responsable dels continguts i serveis d'aquelles p\u00e0gines web que puguin estar enlla\u00e7ades en el Portal m\u00e9s enll\u00e0 de la responsabilitat assignada per la Llei 34\/2002, de 12 de juliol, de Serveis de la Societat de la Informaci\u00f3 i el Comer\u00e7 Electr\u00f2nic, en la mesura en qu\u00e8 pogu\u00e9s tenir coneixement efectiu de la il\u00b7licitud dels continguts i serveis subministrats en el portal web enlla\u00e7at i no desactivi l'enlla\u00e7 amb la dilig\u00e8ncia deguda. Si desitja posar en el nostre coneixement l'exist\u00e8ncia d'un enlla\u00e7 cap a un lloc web amb continguts que considera inadequats o il\u00b7l\u00edcits pot posar-se en contacte amb nosaltres en comercial@tecnospiromt.com.\r\n    <\/p>\r\n<\/div>\r\n<div style=\"margin-bottom: 40px;\">\r\n    <h2>\r\n        5.Protecci\u00f3 de dades\r\n    <\/h2>\r\n    <p> Pot accedir a la informaci\u00f3 detallada respecte del tractament de les dades personals que Tecnospiro Machine Tool S.L.U. duu a terme dels Usuaris visitant la nostra Pol\u00edtica de privacitat.\r\n    <\/p>\r\n<\/div>\r\n<div style=\"margin-bottom: 40px;\">\r\n    <h2>\r\n        6.Legislaci\u00f3\r\n    <\/h2>\r\n    <p> El present Av\u00eds Legal es regeix i interpreta, en cas de resultar necessari, per la legislaci\u00f3 comuna espanyola i, tret que s'estableixi el contrari en la normativa aplicable, qualsevol conflicte se sotmet per les parts als jutges i tribunals de la ciutat de Barcelona.\r\n    <\/p>\r\n<\/div>\t\t\t\t<\/div>\n\t\t\t\t<\/div>\n\t\t\t\t\t<\/div>\n\t\t\t\t<\/div>\n\t\t\t\t<\/div>\n\t\t","protected":false},"excerpt":{"rendered":"<p>Av\u00eds legal Aquest av\u00eds legal (d&#8217;ara endavant, el \u201cAv\u00eds\u201d) regula l&#8217;\u00fas del portal web roscamat.com (d&#8217;ara endavant, el \u201cPortal\u201d) que Tecnospiro Machine Tool S.L.U. , (d&#8217;ara endavant, \u201cTecnospiro Machine Tool S.L.U.\u201d) posa a la disposici\u00f3 dels usuaris d&#8217;Internet. La utilitzaci\u00f3 del Portal, incloent-hi el mer acc\u00e9s, concedeix la condici\u00f3 d&#8217;usuari (d&#8217;ara endavant, el\/els \u201cUsuari\/s\u201d) i [&hellip;]<\/p>\n","protected":false},"author":1,"featured_media":0,"parent":0,"menu_order":0,"comment_status":"closed","ping_status":"closed","template":"","meta":{"_acf_changed":false,"site-sidebar-layout":"no-sidebar","site-content-layout":"page-builder","ast-site-content-layout":"default","site-content-style":"default","site-sidebar-style":"default","ast-global-header-display":"","ast-banner-title-visibility":"","ast-main-header-display":"","ast-hfb-above-header-display":"","ast-hfb-below-header-display":"","ast-hfb-mobile-header-display":"","site-post-title":"disabled","ast-breadcrumbs-content":"","ast-featured-img":"disabled","footer-sml-layout":"","ast-disable-related-posts":"","theme-transparent-header-meta":"enabled","adv-header-id-meta":"","stick-header-meta":"","header-above-stick-meta":"","header-main-stick-meta":"","header-below-stick-meta":"","astra-migrate-meta-layouts":"default","ast-page-background-enabled":"default","ast-page-background-meta":{"desktop":{"background-color":"var(--ast-global-color-4)","background-image":"","background-repeat":"repeat","background-position":"center center","background-size":"auto","background-attachment":"scroll","background-type":"","background-media":"","overlay-type":"","overlay-color":"","overlay-opacity":"","overlay-gradient":""},"tablet":{"background-color":"","background-image":"","background-repeat":"repeat","background-position":"center center","background-size":"auto","background-attachment":"scroll","background-type":"","background-media":"","overlay-type":"","overlay-color":"","overlay-opacity":"","overlay-gradient":""},"mobile":{"background-color":"","background-image":"","background-repeat":"repeat","background-position":"center center","background-size":"auto","background-attachment":"scroll","background-type":"","background-media":"","overlay-type":"","overlay-color":"","overlay-opacity":"","overlay-gradient":""}},"ast-content-background-meta":{"desktop":{"background-color":"var(--ast-global-color-5)","background-image":"","background-repeat":"repeat","background-position":"center center","background-size":"auto","background-attachment":"scroll","background-type":"","background-media":"","overlay-type":"","overlay-color":"","overlay-opacity":"","overlay-gradient":""},"tablet":{"background-color":"var(--ast-global-color-5)","background-image":"","background-repeat":"repeat","background-position":"center center","background-size":"auto","background-attachment":"scroll","background-type":"","background-media":"","overlay-type":"","overlay-color":"","overlay-opacity":"","overlay-gradient":""},"mobile":{"background-color":"var(--ast-global-color-5)","background-image":"","background-repeat":"repeat","background-position":"center center","background-size":"auto","background-attachment":"scroll","background-type":"","background-media":"","overlay-type":"","overlay-color":"","overlay-opacity":"","overlay-gradient":""}},"footnotes":""},"class_list":["post-6570","page","type-page","status-publish","hentry"],"acf":[],"_links":{"self":[{"href":"https:\/\/tecnospiromt.com\/ca\/wp-json\/wp\/v2\/pages\/6570","targetHints":{"allow":["GET"]}}],"collection":[{"href":"https:\/\/tecnospiromt.com\/ca\/wp-json\/wp\/v2\/pages"}],"about":[{"href":"https:\/\/tecnospiromt.com\/ca\/wp-json\/wp\/v2\/types\/page"}],"author":[{"embeddable":true,"href":"https:\/\/tecnospiromt.com\/ca\/wp-json\/wp\/v2\/users\/1"}],"replies":[{"embeddable":true,"href":"https:\/\/tecnospiromt.com\/ca\/wp-json\/wp\/v2\/comments?post=6570"}],"version-history":[{"count":13,"href":"https:\/\/tecnospiromt.com\/ca\/wp-json\/wp\/v2\/pages\/6570\/revisions"}],"predecessor-version":[{"id":8291,"href":"https:\/\/tecnospiromt.com\/ca\/wp-json\/wp\/v2\/pages\/6570\/revisions\/8291"}],"wp:attachment":[{"href":"https:\/\/tecnospiromt.com\/ca\/wp-json\/wp\/v2\/media?parent=6570"}],"curies":[{"name":"wp","href":"https:\/\/api.w.org\/{rel}","templated":true}]}}