{"id":7834,"date":"2023-12-04T10:00:16","date_gmt":"2023-12-04T10:00:16","guid":{"rendered":"https:\/\/tecnospiromt.com\/roscamat-200\/"},"modified":"2024-03-11T15:27:19","modified_gmt":"2024-03-11T15:27:19","slug":"roscamat-200","status":"publish","type":"page","link":"https:\/\/tecnospiromt.com\/ca\/roscamat-200\/","title":{"rendered":"Roscamat 200"},"content":{"rendered":"\t\t<div data-elementor-type=\"wp-page\" data-elementor-id=\"7834\" class=\"elementor elementor-7834 elementor-4510\" data-elementor-post-type=\"page\">\n\t\t\t\t<div class=\"elementor-element elementor-element-3377448 e-flex e-con-boxed e-con e-parent\" data-id=\"3377448\" data-element_type=\"container\" data-e-type=\"container\">\n\t\t\t\t\t<div class=\"e-con-inner\">\n\t\t\t\t<div class=\"elementor-element elementor-element-f7f0b91 elementor-widget__width-inherit elementor-widget elementor-widget-heading\" data-id=\"f7f0b91\" data-element_type=\"widget\" data-e-type=\"widget\" data-widget_type=\"heading.default\">\n\t\t\t\t<div class=\"elementor-widget-container\">\n\t\t\t\t\t<h2 class=\"elementor-heading-title elementor-size-default\">Roscamat 200<\/h2>\t\t\t\t<\/div>\n\t\t\t\t<\/div>\n\t\t\t\t\t<\/div>\n\t\t\t\t<\/div>\n\t\t<div class=\"elementor-element elementor-element-b9a4fb2 e-flex e-con-boxed e-con e-parent\" data-id=\"b9a4fb2\" data-element_type=\"container\" data-e-type=\"container\">\n\t\t\t\t\t<div class=\"e-con-inner\">\n\t\t\t\t<div class=\"elementor-element elementor-element-90adff5 elementor-widget elementor-widget-image\" data-id=\"90adff5\" data-element_type=\"widget\" data-e-type=\"widget\" data-widget_type=\"image.default\">\n\t\t\t\t<div class=\"elementor-widget-container\">\n\t\t\t\t\t\t\t\t\t\t\t\t\t\t\t<img fetchpriority=\"high\" decoding=\"async\" width=\"1496\" height=\"1500\" src=\"https:\/\/tecnospiromt.com\/wp-content\/uploads\/2023\/12\/R200.3.png\" class=\"attachment-full size-full wp-image-4512\" alt=\"\" srcset=\"https:\/\/tecnospiromt.com\/wp-content\/uploads\/2023\/12\/R200.3.png 1496w, https:\/\/tecnospiromt.com\/wp-content\/uploads\/2023\/12\/R200.3-300x300.png 300w, https:\/\/tecnospiromt.com\/wp-content\/uploads\/2023\/12\/R200.3-1021x1024.png 1021w, https:\/\/tecnospiromt.com\/wp-content\/uploads\/2023\/12\/R200.3-150x150.png 150w, https:\/\/tecnospiromt.com\/wp-content\/uploads\/2023\/12\/R200.3-768x770.png 768w\" sizes=\"(max-width: 1496px) 100vw, 1496px\" \/>\t\t\t\t\t\t\t\t\t\t\t\t\t\t\t<\/div>\n\t\t\t\t<\/div>\n\t\t<div class=\"elementor-element elementor-element-db124e1 e-flex e-con-boxed e-con e-parent\" data-id=\"db124e1\" data-element_type=\"container\" data-e-type=\"container\">\n\t\t\t\t\t<div class=\"e-con-inner\">\n\t\t\t\t<div class=\"elementor-element elementor-element-0525c2e elementor-widget elementor-widget-video\" data-id=\"0525c2e\" data-element_type=\"widget\" data-e-type=\"widget\" data-settings=\"{&quot;youtube_url&quot;:&quot;https:\\\/\\\/www.youtube.com\\\/watch?v=_yGLsQ4TDq4&quot;,&quot;video_type&quot;:&quot;youtube&quot;,&quot;controls&quot;:&quot;yes&quot;}\" data-widget_type=\"video.default\">\n\t\t\t\t<div class=\"elementor-widget-container\">\n\t\t\t\t\t\t\t<div class=\"elementor-wrapper elementor-open-inline\">\n\t\t\t<div class=\"elementor-video\"><\/div>\t\t<\/div>\n\t\t\t\t\t\t<\/div>\n\t\t\t\t<\/div>\n\t\t\t\t\t<\/div>\n\t\t\t\t<\/div>\n\t\t\t\t\t<\/div>\n\t\t\t\t<\/div>\n\t\t<div class=\"elementor-element elementor-element-8641e19 e-flex e-con-boxed e-con e-parent\" data-id=\"8641e19\" data-element_type=\"container\" data-e-type=\"container\">\n\t\t\t\t\t<div class=\"e-con-inner\">\n\t\t<div class=\"elementor-element elementor-element-b19c9a5 e-flex e-con-boxed e-con e-parent\" data-id=\"b19c9a5\" data-element_type=\"container\" data-e-type=\"container\">\n\t\t\t\t\t<div class=\"e-con-inner\">\n\t\t\t\t<div class=\"elementor-element elementor-element-09d4d15 elementor-widget elementor-widget-heading\" data-id=\"09d4d15\" data-element_type=\"widget\" data-e-type=\"widget\" data-widget_type=\"heading.default\">\n\t\t\t\t<div class=\"elementor-widget-container\">\n\t\t\t\t\t<h2 class=\"elementor-heading-title elementor-size-default\">Per consultar especificacions de producte, accessoris o adquirir detalls: <span style=\"color: var( --e-global-color-primary );font-style: inherit;background-color: var(--ast-global-color-5)\"><\/span><br><\/h2>\t\t\t\t<\/div>\n\t\t\t\t<\/div>\n\t\t<div class=\"elementor-element elementor-element-b844e63 e-flex e-con-boxed e-con e-parent\" data-id=\"b844e63\" data-element_type=\"container\" data-e-type=\"container\">\n\t\t\t\t\t<div class=\"e-con-inner\">\n\t\t\t\t<div class=\"elementor-element elementor-element-79a8c79 elementor-align-center elementor-widget elementor-widget-button\" data-id=\"79a8c79\" data-element_type=\"widget\" data-e-type=\"widget\" data-widget_type=\"button.default\">\n\t\t\t\t<div class=\"elementor-widget-container\">\n\t\t\t\t\t\t\t\t\t<div class=\"elementor-button-wrapper\">\n\t\t\t\t\t<a class=\"elementor-button elementor-button-link elementor-size-sm\" href=\"#features\">\n\t\t\t\t\t\t<span class=\"elementor-button-content-wrapper\">\n\t\t\t\t\t\t\t\t\t<span class=\"elementor-button-text\">Caracter\u00edstiques<\/span>\n\t\t\t\t\t<\/span>\n\t\t\t\t\t<\/a>\n\t\t\t\t<\/div>\n\t\t\t\t\t\t\t\t<\/div>\n\t\t\t\t<\/div>\n\t\t\t\t<div class=\"elementor-element elementor-element-da49ac3 elementor-align-center elementor-widget elementor-widget-button\" data-id=\"da49ac3\" data-element_type=\"widget\" data-e-type=\"widget\" data-widget_type=\"button.default\">\n\t\t\t\t<div class=\"elementor-widget-container\">\n\t\t\t\t\t\t\t\t\t<div class=\"elementor-button-wrapper\">\n\t\t\t\t\t<a class=\"elementor-button elementor-button-link elementor-size-sm\" href=\"https:\/\/roscamat.avannubo.com\/accesorios\/\">\n\t\t\t\t\t\t<span class=\"elementor-button-content-wrapper\">\n\t\t\t\t\t\t\t\t\t<span class=\"elementor-button-text\">Accessoris<\/span>\n\t\t\t\t\t<\/span>\n\t\t\t\t\t<\/a>\n\t\t\t\t<\/div>\n\t\t\t\t\t\t\t\t<\/div>\n\t\t\t\t<\/div>\n\t\t\t\t<div class=\"elementor-element elementor-element-c61cd2c elementor-align-center elementor-widget elementor-widget-button\" data-id=\"c61cd2c\" data-element_type=\"widget\" data-e-type=\"widget\" data-widget_type=\"button.default\">\n\t\t\t\t<div class=\"elementor-widget-container\">\n\t\t\t\t\t\t\t\t\t<div class=\"elementor-button-wrapper\">\n\t\t\t\t\t<a class=\"elementor-button elementor-button-link elementor-size-sm\" href=\"https:\/\/tecnospiromt.com\/ca\/contacte\/\">\n\t\t\t\t\t\t<span class=\"elementor-button-content-wrapper\">\n\t\t\t\t\t\t\t\t\t<span class=\"elementor-button-text\">Contacta'ns <\/span>\n\t\t\t\t\t<\/span>\n\t\t\t\t\t<\/a>\n\t\t\t\t<\/div>\n\t\t\t\t\t\t\t\t<\/div>\n\t\t\t\t<\/div>\n\t\t\t\t\t<\/div>\n\t\t\t\t<\/div>\n\t\t\t\t\t<\/div>\n\t\t\t\t<\/div>\n\t\t\t\t\t<\/div>\n\t\t\t\t<\/div>\n\t\t<div class=\"elementor-element elementor-element-8d91441 e-flex e-con-boxed e-con e-parent\" data-id=\"8d91441\" data-element_type=\"container\" data-e-type=\"container\" id=\"features\">\n\t\t\t\t\t<div class=\"e-con-inner\">\n\t\t\t\t<div class=\"elementor-element elementor-element-3879142 elementor-widget elementor-widget-heading\" data-id=\"3879142\" data-element_type=\"widget\" data-e-type=\"widget\" data-widget_type=\"heading.default\">\n\t\t\t\t<div class=\"elementor-widget-container\">\n\t\t\t\t\t<h2 class=\"elementor-heading-title elementor-size-default\">CARACTER\u00cdSTIQUES:<\/h2>\t\t\t\t<\/div>\n\t\t\t\t<\/div>\n\t\t\t\t\t<\/div>\n\t\t\t\t<\/div>\n\t\t<div class=\"elementor-element elementor-element-0c84ffa e-flex e-con-boxed e-con e-parent\" data-id=\"0c84ffa\" data-element_type=\"container\" data-e-type=\"container\">\n\t\t\t\t\t<div class=\"e-con-inner\">\n\t\t<div class=\"elementor-element elementor-element-4f1f526 e-con-full e-flex e-con e-parent\" data-id=\"4f1f526\" data-element_type=\"container\" data-e-type=\"container\">\n\t\t<div class=\"elementor-element elementor-element-7a6c13b e-con-full e-flex e-con e-parent\" data-id=\"7a6c13b\" data-element_type=\"container\" data-e-type=\"container\">\n\t\t<div class=\"elementor-element elementor-element-ad3570f e-flex e-con-boxed e-con e-parent\" data-id=\"ad3570f\" data-element_type=\"container\" data-e-type=\"container\">\n\t\t\t\t\t<div class=\"e-con-inner\">\n\t\t\t\t<div class=\"elementor-element elementor-element-5aaaeb1 elementor-widget elementor-widget-heading\" data-id=\"5aaaeb1\" data-element_type=\"widget\" data-e-type=\"widget\" data-widget_type=\"heading.default\">\n\t\t\t\t<div class=\"elementor-widget-container\">\n\t\t\t\t\t<h2 class=\"elementor-heading-title elementor-size-default\">Roscamat 200; Capacitat M2-M14 (M16)\n<\/h2>\t\t\t\t<\/div>\n\t\t\t\t<\/div>\n\t\t\t\t<div class=\"elementor-element elementor-element-027d2b7 elementor-widget elementor-widget-text-editor\" data-id=\"027d2b7\" data-element_type=\"widget\" data-e-type=\"widget\" data-widget_type=\"text-editor.default\">\n\t\t\t\t<div class=\"elementor-widget-container\">\n\t\t\t\t\t\t\t\t\t<p>La m\u00e0quina est\u00e0 formada per un bra\u00e7 que bascula mitjan\u00e7ant un esmorte\u00efdor pneum\u00e0tic m\u00e9s un bra\u00e7 radial. La molla de gas i el conjunt radial del bra\u00e7 fixen la m\u00e0quina i la mantenen perpendicular a la zona de treball. El motor va equipat amb un sistema de canvi r\u00e0pid i gira a traves d&#8217;aire comprimit que pr\u00e8viament es filtrat i lubricat pel grup d&#8217;aire.<\/p>\n\t\t\t\t\t\t\t\t<\/div>\n\t\t\t\t<\/div>\n\t\t\t\t\t<\/div>\n\t\t\t\t<\/div>\n\t\t\t\t<div class=\"elementor-element elementor-element-9b41c30 elementor-widget__width-initial elementor-widget-tablet__width-inherit elementor-widget elementor-widget-image\" data-id=\"9b41c30\" data-element_type=\"widget\" data-e-type=\"widget\" data-widget_type=\"image.default\">\n\t\t\t\t<div class=\"elementor-widget-container\">\n\t\t\t\t\t\t\t\t\t\t\t\t\t\t\t<img decoding=\"async\" width=\"1016\" height=\"1024\" src=\"https:\/\/tecnospiromt.com\/wp-content\/uploads\/2023\/12\/R200.21-1016x1024.png\" class=\"attachment-large size-large wp-image-4523\" alt=\"\" srcset=\"https:\/\/tecnospiromt.com\/wp-content\/uploads\/2023\/12\/R200.21-1016x1024.png 1016w, https:\/\/tecnospiromt.com\/wp-content\/uploads\/2023\/12\/R200.21-298x300.png 298w, https:\/\/tecnospiromt.com\/wp-content\/uploads\/2023\/12\/R200.21-150x150.png 150w, https:\/\/tecnospiromt.com\/wp-content\/uploads\/2023\/12\/R200.21-768x774.png 768w, https:\/\/tecnospiromt.com\/wp-content\/uploads\/2023\/12\/R200.21-1523x1536.png 1523w, https:\/\/tecnospiromt.com\/wp-content\/uploads\/2023\/12\/R200.21.png 1581w\" sizes=\"(max-width: 1016px) 100vw, 1016px\" \/>\t\t\t\t\t\t\t\t\t\t\t\t\t\t\t<\/div>\n\t\t\t\t<\/div>\n\t\t\t\t<\/div>\n\t\t\t\t<\/div>\n\t\t\t\t\t<\/div>\n\t\t\t\t<\/div>\n\t\t<div class=\"elementor-element elementor-element-426515a e-flex e-con-boxed e-con e-parent\" data-id=\"426515a\" data-element_type=\"container\" data-e-type=\"container\">\n\t\t\t\t\t<div class=\"e-con-inner\">\n\t\t<div class=\"elementor-element elementor-element-f9ce34a e-con-full e-flex e-con e-parent\" data-id=\"f9ce34a\" data-element_type=\"container\" data-e-type=\"container\">\n\t\t\t\t<div class=\"elementor-element elementor-element-0c971da elementor-widget elementor-widget-heading\" data-id=\"0c971da\" data-element_type=\"widget\" data-e-type=\"widget\" data-widget_type=\"heading.default\">\n\t\t\t\t<div class=\"elementor-widget-container\">\n\t\t\t\t\t<h2 class=\"elementor-heading-title elementor-size-default\">Motor<\/h2>\t\t\t\t<\/div>\n\t\t\t\t<\/div>\n\t\t\t\t<div class=\"elementor-element elementor-element-3cbe028 elementor-widget elementor-widget-text-editor\" data-id=\"3cbe028\" data-element_type=\"widget\" data-e-type=\"widget\" data-widget_type=\"text-editor.default\">\n\t\t\t\t<div class=\"elementor-widget-container\">\n\t\t\t\t\t\t\t\t\t<p>La ROSCAMAT 200 pot anar equipada amb qualsevol motor TSVII. Cada un d&#8217;ells t\u00e9 una velocitat, potencia i capacitat de roscat diferents.<\/p>\n<\/p>\n<div class=\"hscroll\">\n<table class=\"table\" style=\"overflow: hidden;\" border=\"1\" cellspacing=\"1\" cellpadding=\"4\" align=\"center\">\n<tbody>\n<tr>\n<td><strong>Motor TS-VII<\/strong><\/td>\n<td><strong>Velocitat (rpm)<br \/>&#8211;<\/strong><\/td>\n<td><strong>Parell m\u00e0xim<br \/>(Nm)<\/strong><\/td>\n<td><strong>\u00d8 Acoplament<\/strong><\/td>\n<td><strong>Rosca m\u00e0xima<br \/>Acer &lt;100Kg<\/strong><\/td>\n<td><strong>Rosca m\u00e0xima<br \/>Alumini<\/strong><\/td>\n<\/tr>\n<tr>\n<td>202A0100<\/td>\n<td>350<\/td>\n<td>30<\/td>\n<td>\u00d8 19<\/td>\n<td>M14<\/td>\n<td>M16<\/td>\n<\/tr>\n<tr>\n<td>202B0100<\/td>\n<td>750<\/td>\n<td>17<\/td>\n<td>\u00d8 19<\/td>\n<td>M10<\/td>\n<td>M12<\/td>\n<\/tr>\n<\/tbody>\n<\/table>\n<\/div>\n\t\t\t\t\t\t\t\t<\/div>\n\t\t\t\t<\/div>\n\t\t\t\t<\/div>\n\t\t\t\t\t<\/div>\n\t\t\t\t<\/div>\n\t\t<div class=\"elementor-element elementor-element-ec9bd55 e-flex e-con-boxed e-con e-parent\" data-id=\"ec9bd55\" data-element_type=\"container\" data-e-type=\"container\">\n\t\t\t\t\t<div class=\"e-con-inner\">\n\t\t<div class=\"elementor-element elementor-element-25a6696 e-con-full e-flex e-con e-parent\" data-id=\"25a6696\" data-element_type=\"container\" data-e-type=\"container\">\n\t\t<div class=\"elementor-element elementor-element-528bf73 e-flex e-con-boxed e-con e-parent\" data-id=\"528bf73\" data-element_type=\"container\" data-e-type=\"container\">\n\t\t\t\t\t<div class=\"e-con-inner\">\n\t\t\t\t<div class=\"elementor-element elementor-element-1d4a46d elementor-widget elementor-widget-heading\" data-id=\"1d4a46d\" data-element_type=\"widget\" data-e-type=\"widget\" data-widget_type=\"heading.default\">\n\t\t\t\t<div class=\"elementor-widget-container\">\n\t\t\t\t\t<h2 class=\"elementor-heading-title elementor-size-default\">Roscamat 200 VH\n<\/h2>\t\t\t\t<\/div>\n\t\t\t\t<\/div>\n\t\t\t\t<div class=\"elementor-element elementor-element-eca5534 elementor-widget elementor-widget-text-editor\" data-id=\"eca5534\" data-element_type=\"widget\" data-e-type=\"widget\" data-widget_type=\"text-editor.default\">\n\t\t\t\t<div class=\"elementor-widget-container\">\n\t\t\t\t\t\t\t\t\tLa ROSCAMAT 200 pot ser subministrada amb el cap\u00e7al articulat. Aquest cap\u00e7al manual pot posicionar-se en quatre posicions diferents a 90\u00ba.\n\n\t\t\t\t\t\t\t\t<\/div>\n\t\t\t\t<\/div>\n\t\t\t\t\t<\/div>\n\t\t\t\t<\/div>\n\t\t\t\t<div class=\"elementor-element elementor-element-ef35097 elementor-widget__width-initial elementor-widget-tablet__width-inherit elementor-widget elementor-widget-image\" data-id=\"ef35097\" data-element_type=\"widget\" data-e-type=\"widget\" data-widget_type=\"image.default\">\n\t\t\t\t<div class=\"elementor-widget-container\">\n\t\t\t\t\t\t\t\t\t\t\t\t\t\t\t<img decoding=\"async\" width=\"1024\" height=\"659\" src=\"https:\/\/tecnospiromt.com\/wp-content\/uploads\/2023\/12\/R200-VH-retallada1-1024x659.png\" class=\"attachment-large size-large wp-image-4534\" alt=\"\" srcset=\"https:\/\/tecnospiromt.com\/wp-content\/uploads\/2023\/12\/R200-VH-retallada1-1024x659.png 1024w, https:\/\/tecnospiromt.com\/wp-content\/uploads\/2023\/12\/R200-VH-retallada1-300x193.png 300w, https:\/\/tecnospiromt.com\/wp-content\/uploads\/2023\/12\/R200-VH-retallada1-768x494.png 768w, https:\/\/tecnospiromt.com\/wp-content\/uploads\/2023\/12\/R200-VH-retallada1.png 1359w\" sizes=\"(max-width: 1024px) 100vw, 1024px\" \/>\t\t\t\t\t\t\t\t\t\t\t\t\t\t\t<\/div>\n\t\t\t\t<\/div>\n\t\t\t\t<\/div>\n\t\t\t\t\t<\/div>\n\t\t\t\t<\/div>\n\t\t<div class=\"elementor-element elementor-element-9c1de8b e-flex e-con-boxed e-con e-parent\" data-id=\"9c1de8b\" data-element_type=\"container\" data-e-type=\"container\">\n\t\t\t\t\t<div class=\"e-con-inner\">\n\t\t<div class=\"elementor-element elementor-element-a503672 e-con-full e-flex e-con e-parent\" data-id=\"a503672\" data-element_type=\"container\" data-e-type=\"container\">\n\t\t<div class=\"elementor-element elementor-element-84cd7f7 e-flex e-con-boxed e-con e-parent\" data-id=\"84cd7f7\" data-element_type=\"container\" data-e-type=\"container\">\n\t\t\t\t\t<div class=\"e-con-inner\">\n\t\t\t\t<div class=\"elementor-element elementor-element-5c6476f elementor-widget elementor-widget-heading\" data-id=\"5c6476f\" data-element_type=\"widget\" data-e-type=\"widget\" data-widget_type=\"heading.default\">\n\t\t\t\t<div class=\"elementor-widget-container\">\n\t\t\t\t\t<h2 class=\"elementor-heading-title elementor-size-default\">\u00c0rea de treball<\/h2>\t\t\t\t<\/div>\n\t\t\t\t<\/div>\n\t\t\t\t<div class=\"elementor-element elementor-element-297149e elementor-widget elementor-widget-text-editor\" data-id=\"297149e\" data-element_type=\"widget\" data-e-type=\"widget\" data-widget_type=\"text-editor.default\">\n\t\t\t\t<div class=\"elementor-widget-container\">\n\t\t\t\t\t\t\t\t\t<p><strong>Roscamat 200<\/strong>: Radi: 935 mm \/ Al\u00e7ada: 530 + 130 mm<\/p>\n<p><strong>Roscamat 200 VH<\/strong>: Radi: 1020 mm \/ Al\u00e7ada: 530 + 130 mm<\/p>\n\t\t\t\t\t\t\t\t<\/div>\n\t\t\t\t<\/div>\n\t\t\t\t\t<\/div>\n\t\t\t\t<\/div>\n\t\t\t\t<div class=\"elementor-element elementor-element-78a2a6d elementor-widget__width-initial elementor-widget-tablet__width-inherit elementor-widget elementor-widget-image\" data-id=\"78a2a6d\" data-element_type=\"widget\" data-e-type=\"widget\" data-widget_type=\"image.default\">\n\t\t\t\t<div class=\"elementor-widget-container\">\n\t\t\t\t\t\t\t\t\t\t\t\t\t\t\t<img loading=\"lazy\" decoding=\"async\" width=\"1024\" height=\"725\" src=\"https:\/\/tecnospiromt.com\/wp-content\/uploads\/2023\/12\/AreesTreball-R200-1024x725.png\" class=\"attachment-large size-large wp-image-4545\" alt=\"\" srcset=\"https:\/\/tecnospiromt.com\/wp-content\/uploads\/2023\/12\/AreesTreball-R200-1024x725.png 1024w, https:\/\/tecnospiromt.com\/wp-content\/uploads\/2023\/12\/AreesTreball-R200-300x212.png 300w, https:\/\/tecnospiromt.com\/wp-content\/uploads\/2023\/12\/AreesTreball-R200-768x543.png 768w, https:\/\/tecnospiromt.com\/wp-content\/uploads\/2023\/12\/AreesTreball-R200-1536x1087.png 1536w, https:\/\/tecnospiromt.com\/wp-content\/uploads\/2023\/12\/AreesTreball-R200-2048x1449.png 2048w\" sizes=\"(max-width: 1024px) 100vw, 1024px\" \/>\t\t\t\t\t\t\t\t\t\t\t\t\t\t\t<\/div>\n\t\t\t\t<\/div>\n\t\t\t\t<\/div>\n\t\t\t\t\t<\/div>\n\t\t\t\t<\/div>\n\t\t<div class=\"elementor-element elementor-element-a8f6415 e-flex e-con-boxed e-con e-parent\" data-id=\"a8f6415\" data-element_type=\"container\" data-e-type=\"container\">\n\t\t\t\t\t<div class=\"e-con-inner\">\n\t\t<div class=\"elementor-element elementor-element-d7e3509 e-con-full e-flex e-con e-parent\" data-id=\"d7e3509\" data-element_type=\"container\" data-e-type=\"container\">\n\t\t<div class=\"elementor-element elementor-element-0b0d6ce e-flex e-con-boxed e-con e-parent\" data-id=\"0b0d6ce\" data-element_type=\"container\" data-e-type=\"container\">\n\t\t\t\t\t<div class=\"e-con-inner\">\n\t\t\t\t<div class=\"elementor-element elementor-element-932a0c9 elementor-widget elementor-widget-heading\" data-id=\"932a0c9\" data-element_type=\"widget\" data-e-type=\"widget\" data-widget_type=\"heading.default\">\n\t\t\t\t<div class=\"elementor-widget-container\">\n\t\t\t\t\t<h2 class=\"elementor-heading-title elementor-size-default\">Portaeines de canvi r\u00e0pid\n<\/h2>\t\t\t\t<\/div>\n\t\t\t\t<\/div>\n\t\t\t\t<div class=\"elementor-element elementor-element-6b71a1e elementor-widget elementor-widget-text-editor\" data-id=\"6b71a1e\" data-element_type=\"widget\" data-e-type=\"widget\" data-widget_type=\"text-editor.default\">\n\t\t\t\t<div class=\"elementor-widget-container\">\n\t\t\t\t\t\t\t\t\tEstan disponibles un ample assortit de portamascles, tots ells amb o sense embragatge a part d&#8217;altres porta eines de subjecci\u00f3 r\u00e0pida com broques, avellanadors, fileres, claus de got, etc. \u00b7 Els portamascles amb embragatge de seguretat fa que patini quan arriba al fons del forat. El tipus 1 \u00d819mm t\u00e9 capacitat de M2 a M16. Els portamascles sense embragatge de seguretat (per subjectar diferents eines amb m\u00e0nec cil\u00edndric i quadre d\u2019arrossegament). El tipus 1 \u00d819mm t\u00e9 capacitat de M2 a M16.\n\n\t\t\t\t\t\t\t\t<\/div>\n\t\t\t\t<\/div>\n\t\t\t\t\t<\/div>\n\t\t\t\t<\/div>\n\t\t\t\t<div class=\"elementor-element elementor-element-1eb7e5c elementor-widget__width-initial elementor-widget-tablet__width-inherit elementor-widget elementor-widget-image\" data-id=\"1eb7e5c\" data-element_type=\"widget\" data-e-type=\"widget\" data-widget_type=\"image.default\">\n\t\t\t\t<div class=\"elementor-widget-container\">\n\t\t\t\t\t\t\t\t\t\t\t\t\t\t\t<img loading=\"lazy\" decoding=\"async\" width=\"400\" height=\"318\" src=\"https:\/\/tecnospiromt.com\/wp-content\/uploads\/2023\/12\/10021-1.jpg\" class=\"attachment-large size-large wp-image-4241\" alt=\"\" srcset=\"https:\/\/tecnospiromt.com\/wp-content\/uploads\/2023\/12\/10021-1.jpg 400w, https:\/\/tecnospiromt.com\/wp-content\/uploads\/2023\/12\/10021-1-300x239.jpg 300w\" sizes=\"(max-width: 400px) 100vw, 400px\" \/>\t\t\t\t\t\t\t\t\t\t\t\t\t\t\t<\/div>\n\t\t\t\t<\/div>\n\t\t\t\t<\/div>\n\t\t\t\t\t<\/div>\n\t\t\t\t<\/div>\n\t\t\t\t<\/div>\n\t\t","protected":false},"excerpt":{"rendered":"<p>Roscamat 200 Per consultar especificacions de producte, accessoris o adquirir detalls: Caracter\u00edstiques Accessoris Contacta&#8217;ns CARACTER\u00cdSTIQUES: Roscamat 200; Capacitat M2-M14 (M16) La m\u00e0quina est\u00e0 formada per un bra\u00e7 que bascula mitjan\u00e7ant un esmorte\u00efdor pneum\u00e0tic m\u00e9s un bra\u00e7 radial. La molla de gas i el conjunt radial del bra\u00e7 fixen la m\u00e0quina i la mantenen perpendicular a [&hellip;]<\/p>\n","protected":false},"author":1,"featured_media":0,"parent":0,"menu_order":0,"comment_status":"closed","ping_status":"closed","template":"","meta":{"_acf_changed":false,"site-sidebar-layout":"no-sidebar","site-content-layout":"page-builder","ast-site-content-layout":"default","site-content-style":"default","site-sidebar-style":"default","ast-global-header-display":"","ast-banner-title-visibility":"","ast-main-header-display":"","ast-hfb-above-header-display":"","ast-hfb-below-header-display":"","ast-hfb-mobile-header-display":"","site-post-title":"disabled","ast-breadcrumbs-content":"","ast-featured-img":"disabled","footer-sml-layout":"","ast-disable-related-posts":"","theme-transparent-header-meta":"","adv-header-id-meta":"","stick-header-meta":"","header-above-stick-meta":"","header-main-stick-meta":"","header-below-stick-meta":"","astra-migrate-meta-layouts":"default","ast-page-background-enabled":"default","ast-page-background-meta":{"desktop":{"background-color":"var(--ast-global-color-4)","background-image":"","background-repeat":"repeat","background-position":"center center","background-size":"auto","background-attachment":"scroll","background-type":"","background-media":"","overlay-type":"","overlay-color":"","overlay-opacity":"","overlay-gradient":""},"tablet":{"background-color":"","background-image":"","background-repeat":"repeat","background-position":"center center","background-size":"auto","background-attachment":"scroll","background-type":"","background-media":"","overlay-type":"","overlay-color":"","overlay-opacity":"","overlay-gradient":""},"mobile":{"background-color":"","background-image":"","background-repeat":"repeat","background-position":"center center","background-size":"auto","background-attachment":"scroll","background-type":"","background-media":"","overlay-type":"","overlay-color":"","overlay-opacity":"","overlay-gradient":""}},"ast-content-background-meta":{"desktop":{"background-color":"var(--ast-global-color-5)","background-image":"","background-repeat":"repeat","background-position":"center center","background-size":"auto","background-attachment":"scroll","background-type":"","background-media":"","overlay-type":"","overlay-color":"","overlay-opacity":"","overlay-gradient":""},"tablet":{"background-color":"var(--ast-global-color-5)","background-image":"","background-repeat":"repeat","background-position":"center center","background-size":"auto","background-attachment":"scroll","background-type":"","background-media":"","overlay-type":"","overlay-color":"","overlay-opacity":"","overlay-gradient":""},"mobile":{"background-color":"var(--ast-global-color-5)","background-image":"","background-repeat":"repeat","background-position":"center center","background-size":"auto","background-attachment":"scroll","background-type":"","background-media":"","overlay-type":"","overlay-color":"","overlay-opacity":"","overlay-gradient":""}},"footnotes":""},"class_list":["post-7834","page","type-page","status-publish","hentry"],"acf":[],"_links":{"self":[{"href":"https:\/\/tecnospiromt.com\/ca\/wp-json\/wp\/v2\/pages\/7834","targetHints":{"allow":["GET"]}}],"collection":[{"href":"https:\/\/tecnospiromt.com\/ca\/wp-json\/wp\/v2\/pages"}],"about":[{"href":"https:\/\/tecnospiromt.com\/ca\/wp-json\/wp\/v2\/types\/page"}],"author":[{"embeddable":true,"href":"https:\/\/tecnospiromt.com\/ca\/wp-json\/wp\/v2\/users\/1"}],"replies":[{"embeddable":true,"href":"https:\/\/tecnospiromt.com\/ca\/wp-json\/wp\/v2\/comments?post=7834"}],"version-history":[{"count":7,"href":"https:\/\/tecnospiromt.com\/ca\/wp-json\/wp\/v2\/pages\/7834\/revisions"}],"predecessor-version":[{"id":8530,"href":"https:\/\/tecnospiromt.com\/ca\/wp-json\/wp\/v2\/pages\/7834\/revisions\/8530"}],"wp:attachment":[{"href":"https:\/\/tecnospiromt.com\/ca\/wp-json\/wp\/v2\/media?parent=7834"}],"curies":[{"name":"wp","href":"https:\/\/api.w.org\/{rel}","templated":true}]}}