{"id":6242,"date":"2023-12-15T10:37:50","date_gmt":"2023-12-15T10:37:50","guid":{"rendered":"https:\/\/tecnospiromt.com\/accessibilidad\/"},"modified":"2024-02-13T16:47:30","modified_gmt":"2024-02-13T16:47:30","slug":"accessibilidad","status":"publish","type":"page","link":"https:\/\/tecnospiromt.com\/es\/accessibilidad\/","title":{"rendered":"Accessibilidad"},"content":{"rendered":"\t\t<div data-elementor-type=\"wp-page\" data-elementor-id=\"6242\" class=\"elementor elementor-6242 elementor-5634\" data-elementor-post-type=\"page\">\n\t\t\t\t<div class=\"elementor-element elementor-element-ca7d5a3 e-flex e-con-boxed e-con e-parent\" data-id=\"ca7d5a3\" data-element_type=\"container\" data-e-type=\"container\">\n\t\t\t\t\t<div class=\"e-con-inner\">\n\t\t\t\t<div class=\"elementor-element elementor-element-46e31f3 elementor-widget elementor-widget-heading\" data-id=\"46e31f3\" data-element_type=\"widget\" data-e-type=\"widget\" data-widget_type=\"heading.default\">\n\t\t\t\t<div class=\"elementor-widget-container\">\n\t\t\t\t\t<h2 class=\"elementor-heading-title elementor-size-default\">Accessibilidad<\/h2>\t\t\t\t<\/div>\n\t\t\t\t<\/div>\n\t\t\t\t<div class=\"elementor-element elementor-element-ab74469 elementor-widget elementor-widget-html\" data-id=\"ab74469\" data-element_type=\"widget\" data-e-type=\"widget\" data-widget_type=\"html.default\">\n\t\t\t\t<div class=\"elementor-widget-container\">\n\t\t\t\t\t<div style=\"margin-bottom: 40px;\">\r\n    <p>\r\n        Esta declaraci\u00f3n de accesibilidad se aplica al sitio web roscamat.com\r\n    <\/p>\r\n<\/div>\r\n<div style=\"margin-bottom: 40px;\">\r\n    <h2>\r\n        SITUACI\u00d3N DE CUMPLIMIENTO\r\n    <\/h2>\r\n    <p> Este sitio web cumple parcialmente con el RD 1112\/2018 debido a excepciones e incumplimientos. de los aspectos indicados en el punto siguiente.\r\n    <\/p>\r\n<\/div>\r\n<div style=\"margin-bottom: 40px;\">\r\n    <h2>\r\n        CONTENIDO NO ACCESIBLE\r\n    <\/h2>\r\n    <p>\r\n        El contenido recopilado a continuaci\u00f3n no es accesible para:<\/p>\r\n    <ul>\r\n        <li>\r\n            Incumplimiento del RD 1112\/2018\r\n        <\/li>\r\n        <li>\r\n            Podr\u00eda haber algunos aspectos de contraste que no cumplan el m\u00ednimo requerido, 3:1, respecto a los colores.\r\n            adyacente al fondo de\r\n        <\/li>\r\n        <li>\r\n            la secci\u00f3n del sitio web en cuesti\u00f3n. [9 .1.4.11 Contraste no textual]\r\n        <\/li>\r\n        <li>\r\n            Es posible que haya algunos elementos no textuales que no est\u00e9n etiquetados correctamente [2 .5.3 Etiqueta num\u00e9rica] y [4.1.2 Nombre y valor de la funci\u00f3n]\r\n        <\/li>\r\n        <li>\r\n            Los motores de b\u00fasqueda buscan autom\u00e1ticamente sin necesidad de ordenar ninguna acci\u00f3n al usuario [3 .2.2 Al recibir entradas]\r\n        <\/li>\r\n        <li>\r\n            Podr\u00eda haber algunos textos en otro idioma no etiquetados correctamente [3 .1.2 Idioma de las partes]\r\n        <\/li>\r\n        <li>\r\n            Podr\u00edan producirse errores ocasionales de edici\u00f3n de c\u00f3digo en algunas p\u00e1ginas web. [4.1.1 Procesamiento]\r\n        <\/li>\r\n        <li>\r\n            Cargo desproporcionado \u2013 No aplicable.\r\n        <\/li>\r\n        <li>\r\n            El contenido no entra dentro del \u00e1mbito de aplicaci\u00f3n de la legislaci\u00f3n aplicable.\r\n        <\/li>\r\n    <\/ul> \r\n<\/div>\r\n<div style=\"margin-bottom: 40px;\">\r\n    <h2>\r\n        CONTENIDO NO ACCESIBLE\r\n    <\/h2>\r\n    <p> Esta declaraci\u00f3n fue preparada el 13\/02\/2024.<br> El m\u00e9todo utilizado para la elaboraci\u00f3n de la declaraci\u00f3n fue una valoraci\u00f3n manual realizada por AVANCEM AMB VOST\u00c8 S.L. (AVANNUBO).<br> La Declaraci\u00f3n de Accesibilidad fue revisada y actualizada en 13\/02\/2024.<br> Si desea llamar nuestra atenci\u00f3n sobre la existencia de un enlace a un sitio web con contenido que considera inapropiado o ilegal, puede contactarnos en comercial@tecnospiromt.com.<br>\r\n    <\/p>\r\n<\/div>\r\n<div style=\"margin-bottom: 40px;\">\r\n    <h2>\r\n        PROCEDIMIENTO DE SOLICITUD\r\n    <\/h2>\r\n    <p> Si una vez presentada una solicitud de informaci\u00f3n accesible o una denuncia \u00e9sta hubiera sido desestimada, no estuvo de acuerdo con la decisi\u00f3n adoptada, o la respuesta no cumpli\u00f3 con los requisitos previstos en el art\u00edculo 12.5, el interesado podr\u00e1 iniciar una reclamaci\u00f3n. <br>Tambi\u00e9n se puede iniciar una reclamaci\u00f3n en el caso que haya transcurrido el plazo de veinte d\u00edas h\u00e1biles sin obtener respuesta. <br>El reclamo puede ser presentados a trav\u00e9s de la Instancia Gen\u00e9rica de la Sede Electr\u00f3nica del Ministerio de Asuntos Econ\u00f3micos y Transformaci\u00f3n Digital, as\u00ed como el resto de opciones contenidas en la Ley 39\/2015, de 1 de octubre, de Procedimiento Administrativo Com\u00fan de las Administraciones P\u00fablicas. <br>Las reclamaciones ser\u00e1n recibidas y procesadas por la Direcci\u00f3n General de Inspecci\u00f3n de Servicios del Ministerio.\r\n    <\/p>\r\n<\/div>\r\n<div style=\"margin-bottom: 40px;\">\r\n    <h2>\r\n        CONTENIDO OPCIONAL\r\n    <\/h2>\r\n    <p> Este portal est\u00e1 dise\u00f1ado para poder cambiar el tama\u00f1o del texto y el color, as\u00ed como el fondo de la p\u00e1gina. a trav\u00e9s de las opciones de configuraci\u00f3n est\u00e1ndar del navegador.<br> Si desea cambiar el tama\u00f1o de fuente del texto en los principales navegadores gr\u00e1ficos, utilice lo siguiente men\u00fas:<br><br> Internet Explorer, Mozilla y Firefox: Ver > Tama\u00f1o del texto<br> \u00d3pera: Ver > Zoom<br> Safari: Ver > Agrandar el texto<br> Chrome: Controlar la p\u00e1gina actual > Tama\u00f1o del texto<br><br> Para cambiar el tama\u00f1o de todo lo que hay en la p\u00e1gina:<br><br> Ctrl + + para aumentarlo<br> Ctrl + - para disminuirlo<br> Ctrl + 0 restaura el tama\u00f1o del texto original<br> Si desea anular la hoja de style o cambiar el color del texto, puede ver la p\u00e1gina C\u00f3mo cambiar Tama\u00f1o de Texto o Colores del WAI, que se puede leer traducido al espa\u00f1ol en C\u00f3mo cambiar el tama\u00f1o del texto o \u00bfColores?\r\n    <\/p>\r\n<\/div>\t\t\t\t<\/div>\n\t\t\t\t<\/div>\n\t\t\t\t\t<\/div>\n\t\t\t\t<\/div>\n\t\t\t\t<\/div>\n\t\t","protected":false},"excerpt":{"rendered":"<p>Accessibilidad Esta declaraci\u00f3n de accesibilidad se aplica al sitio web roscamat.com SITUACI\u00d3N DE CUMPLIMIENTO Este sitio web cumple parcialmente con el RD 1112\/2018 debido a excepciones e incumplimientos. de los aspectos indicados en el punto siguiente. CONTENIDO NO ACCESIBLE El contenido recopilado a continuaci\u00f3n no es accesible para: Incumplimiento del RD 1112\/2018 Podr\u00eda haber algunos [&hellip;]<\/p>\n","protected":false},"author":1,"featured_media":0,"parent":0,"menu_order":0,"comment_status":"closed","ping_status":"closed","template":"","meta":{"_acf_changed":false,"site-sidebar-layout":"no-sidebar","site-content-layout":"page-builder","ast-site-content-layout":"full-width-container","site-content-style":"unboxed","site-sidebar-style":"unboxed","ast-global-header-display":"","ast-banner-title-visibility":"","ast-main-header-display":"","ast-hfb-above-header-display":"","ast-hfb-below-header-display":"","ast-hfb-mobile-header-display":"","site-post-title":"disabled","ast-breadcrumbs-content":"","ast-featured-img":"disabled","footer-sml-layout":"","ast-disable-related-posts":"","theme-transparent-header-meta":"enabled","adv-header-id-meta":"","stick-header-meta":"","header-above-stick-meta":"","header-main-stick-meta":"","header-below-stick-meta":"","astra-migrate-meta-layouts":"default","ast-page-background-enabled":"default","ast-page-background-meta":{"desktop":{"background-color":"var(--ast-global-color-4)","background-image":"","background-repeat":"repeat","background-position":"center center","background-size":"auto","background-attachment":"scroll","background-type":"","background-media":"","overlay-type":"","overlay-color":"","overlay-opacity":"","overlay-gradient":""},"tablet":{"background-color":"","background-image":"","background-repeat":"repeat","background-position":"center center","background-size":"auto","background-attachment":"scroll","background-type":"","background-media":"","overlay-type":"","overlay-color":"","overlay-opacity":"","overlay-gradient":""},"mobile":{"background-color":"","background-image":"","background-repeat":"repeat","background-position":"center center","background-size":"auto","background-attachment":"scroll","background-type":"","background-media":"","overlay-type":"","overlay-color":"","overlay-opacity":"","overlay-gradient":""}},"ast-content-background-meta":{"desktop":{"background-color":"var(--ast-global-color-5)","background-image":"","background-repeat":"repeat","background-position":"center center","background-size":"auto","background-attachment":"scroll","background-type":"","background-media":"","overlay-type":"","overlay-color":"","overlay-opacity":"","overlay-gradient":""},"tablet":{"background-color":"var(--ast-global-color-5)","background-image":"","background-repeat":"repeat","background-position":"center center","background-size":"auto","background-attachment":"scroll","background-type":"","background-media":"","overlay-type":"","overlay-color":"","overlay-opacity":"","overlay-gradient":""},"mobile":{"background-color":"var(--ast-global-color-5)","background-image":"","background-repeat":"repeat","background-position":"center center","background-size":"auto","background-attachment":"scroll","background-type":"","background-media":"","overlay-type":"","overlay-color":"","overlay-opacity":"","overlay-gradient":""}},"footnotes":""},"class_list":["post-6242","page","type-page","status-publish","hentry"],"acf":[],"_links":{"self":[{"href":"https:\/\/tecnospiromt.com\/es\/wp-json\/wp\/v2\/pages\/6242","targetHints":{"allow":["GET"]}}],"collection":[{"href":"https:\/\/tecnospiromt.com\/es\/wp-json\/wp\/v2\/pages"}],"about":[{"href":"https:\/\/tecnospiromt.com\/es\/wp-json\/wp\/v2\/types\/page"}],"author":[{"embeddable":true,"href":"https:\/\/tecnospiromt.com\/es\/wp-json\/wp\/v2\/users\/1"}],"replies":[{"embeddable":true,"href":"https:\/\/tecnospiromt.com\/es\/wp-json\/wp\/v2\/comments?post=6242"}],"version-history":[{"count":29,"href":"https:\/\/tecnospiromt.com\/es\/wp-json\/wp\/v2\/pages\/6242\/revisions"}],"predecessor-version":[{"id":8300,"href":"https:\/\/tecnospiromt.com\/es\/wp-json\/wp\/v2\/pages\/6242\/revisions\/8300"}],"wp:attachment":[{"href":"https:\/\/tecnospiromt.com\/es\/wp-json\/wp\/v2\/media?parent=6242"}],"curies":[{"name":"wp","href":"https:\/\/api.w.org\/{rel}","templated":true}]}}