{"id":6250,"date":"2023-12-18T07:52:19","date_gmt":"2023-12-18T07:52:19","guid":{"rendered":"https:\/\/tecnospiromt.com\/cookies-policy\/"},"modified":"2024-01-12T11:15:32","modified_gmt":"2024-01-12T11:15:32","slug":"cookies-policy","status":"publish","type":"page","link":"https:\/\/tecnospiromt.com\/es\/cookies-policy\/","title":{"rendered":"Cookies Policy"},"content":{"rendered":"\t\t<div data-elementor-type=\"wp-page\" data-elementor-id=\"6250\" class=\"elementor elementor-6250 elementor-5681\" data-elementor-post-type=\"page\">\n\t\t\t\t<div class=\"elementor-element elementor-element-1e8cbad e-flex e-con-boxed e-con e-parent\" data-id=\"1e8cbad\" data-element_type=\"container\" data-e-type=\"container\">\n\t\t\t\t\t<div class=\"e-con-inner\">\n\t\t\t\t<div class=\"elementor-element elementor-element-46e31f3 elementor-widget elementor-widget-heading\" data-id=\"46e31f3\" data-element_type=\"widget\" data-e-type=\"widget\" data-widget_type=\"heading.default\">\n\t\t\t\t<div class=\"elementor-widget-container\">\n\t\t\t\t\t<h2 class=\"elementor-heading-title elementor-size-default\">Pol\u00edtica de cookies<\/h2>\t\t\t\t<\/div>\n\t\t\t\t<\/div>\n\t\t\t\t<div class=\"elementor-element elementor-element-3911d1f elementor-widget elementor-widget-html\" data-id=\"3911d1f\" data-element_type=\"widget\" data-e-type=\"widget\" data-widget_type=\"html.default\">\n\t\t\t\t<div class=\"elementor-widget-container\">\n\t\t\t\t\t<div style=\"margin-bottom: 40px;\">\r\n    <h2>\r\n        1.INTRODUCCI\u00d3N\r\n    <\/h2>\r\n    <p>\r\n        El sitio web de www.roscamat.com utiliza cookies propias y de terceros. Una cookie es un archivo que se descarga en el\r\n        su ordenador al acceder a determinadas p\u00e1ginas web. Las cookies permiten a una p\u00e1gina web, entre otros\r\n        fines, asegurar el correcto funcionamiento de la p\u00e1gina, permitir al Usuario un acceso m\u00e1s r\u00e1pido a los\r\n        servicios\r\n        seleccionados, almacenar y recuperar informaci\u00f3n sobre los h\u00e1bitos de navegaci\u00f3n de un usuario o equipo y\r\n        incluso, dependiendo de la informaci\u00f3n que contengan y de la forma en que utilice su equipo, se pueden\r\n        utilizar para reconocer al usuario. Las cookies se asocian \u00fanicamente a un usuario an\u00f3nimo y su ordenador o\r\n        dispositivo y no proporcionan referencias que permitan conocer sus datos personales, salvo permiso expreso\r\n        de aqu\u00e9l.\r\n        El usuario puede, en todo momento, aceptar o rechazar las cookies instaladas que no sean estrictamente\r\n        necesarias\r\n        para el correcto funcionamiento de la web y el acceso al Usuario a sus servicios, a trav\u00e9s del panel de ajuste\r\n        de\r\n        cookies proporcionado en nuestra web. Asimismo, podr\u00e1 configurar su navegador en todo momento sin que\r\n        esto perjudique la posibilidad del Usuario de acceder a los contenidos. Sin embargo, le informamos que el\r\n        rechazo\r\n        de las cookies puede disminuir el buen funcionamiento de la web.\r\n    <\/p>\r\n<\/div>\r\n<div style=\"margin-bottom: 40px;\">\r\n    <h2>\r\n        2. COOKIES AFECTADAS POR LA NORMATIVA Y COOKIES EXENTAS\r\n    <\/h2>\r\n    <p>\r\n        Seg\u00fan la directiva de la UE, las cookies que requieren el consentimiento informado por parte del usuario son las\r\n        cookies de anal\u00edtica, las de publicidad y afiliaci\u00f3n, quedando exceptuadas las de car\u00e1cter t\u00e9cnico y las\r\n        necesarias\r\n        para el funcionamiento del sitio web o la prestaci\u00f3n de servicios expresamente demandados por el usuario.\r\n    <\/p>\r\n<\/div>\r\n<div style=\"margin-bottom: 40px;\">\r\n    <h2>\r\n        3. TIPO DE COOKIES\r\n    <\/h2>\r\n    <p>\r\n        a) Seg\u00fan la entidad que las gestione, existen Cookies propias (aquellas que se env\u00edan al equipo terminal de\r\n        el usuario desde un equipo o dominio gestionado por el propio editor y desde el que se presta el servicio\r\n        solicitado por\r\n        el usuario) y de terceros (las que se env\u00edan al equipo terminal del usuario desde un equipo o dominio que no es\r\n        gestionado por el editor, sino por otra entidad que trata los datos obtenidos mediante las cookies).\r\n\r\n        b) Seg\u00fan el tiempo que permanecen activas, est\u00e1n las de sesi\u00f3n (dise\u00f1adas para pedir y almacenar datos\r\n        mientras el usuario accede a una p\u00e1gina web) y las persistentes (en las que los datos se almacenan en el\r\n        terminal y\r\n        pueden ser accedidos y tratados durante un per\u00edodo definido por el responsable de la cookie -puede ir de unos\r\n        minutos a\r\n        varios a\u00f1os).\r\n\r\n        c) Seg\u00fan la finalidad para la que tratan la informaci\u00f3n que recopilan, pueden ser:\r\n\r\n        - Cookies t\u00e9cnicas (necesarias para el uso de la web y la prestaci\u00f3n del servicio contratado),\r\n\r\n        \u2013 Cookies de personalizaci\u00f3n (que permiten al usuario acceder al servicio con caracter\u00edsticas predefinidas, como\r\n        ahora el idioma, tipos de navegador, configuraci\u00f3n regional, etc.)\r\n\r\n        \u2013 Cookies de an\u00e1lisis (recogen informaci\u00f3n del uso que se realiza de la web),\r\n\r\n        \u2013 Cookies publicitarias (recogen informaci\u00f3n sobre las preferencias y elecciones personales de los usuarios),\r\n\r\n        \u2013 Cookies de afiliados (permiten realizar un seguimiento de las visitas procedentes de otras webs, con las que\r\n        el sitio\r\n        web establece un contrato de afiliaci\u00f3n).\r\n    <\/p>\r\n<\/div>\r\n<div style=\"margin-bottom: 40px;\">\r\n    <h2>\r\n        4. TIPO DE COOKIES UTILIZADAS PARA ESTE SITIO WEB\r\n    <\/h2>\r\n    <p>\r\n        Mientras navega por nuestra web, pueden almacenarse en su navegador las cookies de nuestras redes\r\n        sociales. A continuaci\u00f3n, le indicamos los enlaces sobre las cookies de las redes sociales que utilizamos en\r\n        esta web:\r\n    <ul>\r\n        <li>\r\n            Cookies de Facebook, ver m\u00e1s informaci\u00f3n en su pol\u00edtica de cookies\r\n        <\/li>\r\n        <li>\r\n            Cookies de Twitter, ver m\u00e1s informaci\u00f3n en su pol\u00edtica de cookies\r\n        <\/li>\r\n        <li>\r\n            Cookies de Instagram, ver m\u00e1s informaci\u00f3n en su pol\u00edtica de cookies\r\n        <\/li>\r\n        <li>\r\n            Cookies de Linkedin, ver m\u00e1s informaci\u00f3n en su pol\u00edtica de cookies\r\n        <\/li>\r\n        <li>\r\n            Cookies de Pinterest, ver m\u00e1s informaci\u00f3n en su pol\u00edtica de cookies\r\n        <\/li>\r\n        <li>\r\n            Cookies de Youtube, ver m\u00e1s informaci\u00f3n en su pol\u00edtica de cookies\r\n        <\/li>\r\n    <\/ul>\r\n    <br>\r\n    <h3>WordPress<\/h3>\r\n    <table border=\"\\\" style=\"overflow-x: auto;\">\r\n        <tbody>\r\n            <tr>\r\n                <td>Nombre<\/td>\r\n                <td>Caducidad<\/td>\r\n                <td>Funci\u00f3n<\/td>\r\n            <\/tr>\r\n            <tr>\r\n                <td>wp-settings-time-*<\/td>\r\n                <td>1 A\u00f1o<\/td>\r\n                <td>para almacenar las preferencias del usuario.<\/td>\r\n            <\/tr>\r\n            <tr>\r\n                <td>wordpress-logged_in_*<\/td>\r\n                <td>1 A\u00f1o<\/td>\r\n                <td>para almacenar usuarios registrados.<\/td>\r\n            <\/tr>\r\n            <tr>\r\n                <td>twk_uuid_*<\/td>\r\n                <td>6 Meses<\/td>\r\n                <td>con funcionalidad desconocida.<\/td>\r\n            <\/tr>\r\n            <tr>\r\n                <td>wp-settings-*<\/td>\r\n                <td>1 A\u00f1o<\/td>\r\n                <td>para almacenar las preferencias del usuario.<\/td>\r\n            <\/tr>\r\n            <tr>\r\n                <td>wordpress-sec_*<\/td>\r\n                <td>15 d\u00edas<\/td>\r\n                <td>para brindar protecci\u00f3n contra piratas inform\u00e1ticos, almacene los detalles de la cuenta.<\/td>\r\n            <\/tr>\r\n            <tr>\r\n                <td>wordpress-test-cookie <\/td>\r\n                <td>Session <\/td>\r\n                <td>para leer si se pueden colocar cookies.<\/td>\r\n            <\/tr>\r\n            <tr>\r\n                <td>wp-settings-time-1<\/td>\r\n                <td>1A\u00f1o<\/td>\r\n                <td>para almacenar las preferencias del usuario.<\/td>\r\n            <\/tr>\r\n            <tr>\r\n                <td>wp-settings-time-1<\/td>\r\n                <td>1A\u00f1o<\/td>\r\n                <td>para almacenar las preferencias del usuario.<\/td>\r\n            <\/tr>\r\n        <\/tbody>\r\n    <\/table>\r\n    <br>\r\n    <h3>PHP<\/h3>\r\n    <table border=\"\\\" style=\"overflow-x: auto;\">\r\n        <tbody>\r\n            <tr>\r\n                <td>Nombre<\/td>\r\n                <td>Caducidad<\/td>\r\n                <td>Funci\u00f3n<\/td>\r\n            <\/tr>\r\n            <tr>\r\n                <td>PHPSESSID<\/td>\r\n                <td>Session<\/td>\r\n                <td>para proporcionar funciones en todas las p\u00e1ginas.<\/td>\r\n            <\/tr>\r\n        <\/tbody>\r\n    <\/table>\r\n    <br>\r\n    <h3>\r\n        WPML\r\n    <\/h3>\r\n    <table border=\"\\\" style=\"overflow-x: auto;\">\r\n        <tbody>\r\n            <tr>\r\n                <td>Nombre<\/td>\r\n                <td>Caducidad<\/td>\r\n                <td>Funci\u00f3n<\/td>\r\n            <\/tr>\r\n            <tr>\r\n                <td>wp-wpml-current-admin-language_*<\/td>\r\n                <td>1 A\u00f1o<\/td>\r\n                <td>para almacenar la configuraci\u00f3n de idioma.<\/td>\r\n            <\/tr>\r\n            <tr>\r\n                <td>wp-wpml-current-language<\/td>\r\n                <td>1 D\u00eda<\/td>\r\n                <td>para almacenar las preferencias del usuario.<\/td>\r\n            <\/tr>\r\n        <\/tbody>\r\n    <\/table>\r\n    <br>\r\n    <h3>\r\n        Google\r\n    <\/h3>\r\n    <table border=\"\\\" style=\"overflow-x: auto;\">\r\n        <tbody>\r\n            <tr>\r\n                <td>Nombre<\/td>\r\n                <td>Caducidad<\/td>\r\n                <td>Funci\u00f3n<\/td>\r\n            <\/tr>\r\n            <tr>\r\n                <td>__Secure-ENID<\/td>\r\n                <td>1 A\u00f1o<\/td>\r\n                <td>Se utiliza para almacenar preferencias e informaci\u00f3n del usuario, como preferencias de idioma.\r\n                <\/td>\r\n            <\/tr>\r\n            <tr>\r\n                <td>__Secure-3PSIDTS<\/td>\r\n                <td>1 A\u00f1o<\/td>\r\n                <td>cookie persistente segura de servicios de Google<\/td>\r\n            <\/tr>\r\n            <tr>\r\n                <td>__Secure-3PSIDCC<\/td>\r\n                <td>1 A\u00f1o <br>y 1 Mes<\/td>\r\n                <td>Se utiliza para ofrecer anuncios m\u00e1s relevantes para usted y sus intereses.<\/td>\r\n            <\/tr>\r\n            <tr>\r\n                <td>__Secure-3PSID<\/td>\r\n                <td>1 A\u00f1o y 1 Mes <\/td>\r\n                <td>Se utiliza para ofrecer anuncios m\u00e1s <br> relevantes para usted y sus intereses.<\/td>\r\n            <\/tr>\r\n            <tr>\r\n                <td>__Secure-3PAPISID<\/td>\r\n                <td>1 A\u00f1o<\/td>\r\n                <td>Se utiliza para ofrecer anuncios m\u00e1s relevantes para usted y sus intereses.<\/td>\r\n            <\/tr>\r\n            <tr>\r\n                <td>__Secure-1PSIDTS<\/td>\r\n                <td>1 A\u00f1o<\/td>\r\n                <td>Se utiliza para almacenar preferencias e informaci\u00f3n <br> del usuario al visualizar p\u00e1ginas con\r\n                    mapas de Google<\/td>\r\n            <\/tr>\r\n            <tr>\r\n                <td>__Secure-1PSIDCC<\/td>\r\n                <td>1 A\u00f1o<\/td>\r\n                <td>Se utiliza para ofrecer anuncios m\u00e1s relevantes para usted y sus intereses.<\/td>\r\n            <\/tr>\r\n            <tr>\r\n                <td>__Secure-1PSID<\/td>\r\n                <td>1 A\u00f1o y 1Mes<\/td>\r\n                <td>Se utiliza para almacenar preferencias e <br> informaci\u00f3n del usuario al visualizar p\u00e1ginas con\r\n                    mapas de Google.<\/td>\r\n            <\/tr>\r\n            <tr>\r\n                <td>__Secure-1PAPISID<\/td>\r\n                <td>1 A\u00f1o y 1 Mes<\/td>\r\n                <td>Se utiliza para ofrecer anuncios m\u00e1s relevantes<br>para usted y sus intereses.<\/td>\r\n            <\/tr>\r\n            <tr>\r\n                <td>SSID<\/td>\r\n                <td>1 A\u00f1o y 1 Mes<\/td>\r\n                <td>Con <br>funcionalidad desconocida.<\/td>\r\n            <\/tr>\r\n            <tr>\r\n                <td>SOCOS<\/td>\r\n                <td>2 A\u00f1o<\/td>\r\n                <td>Se utiliza para<br>confirmar la autenticidad de los visitantes, proteger los datos de los visitantes\r\n                    y\r\n                    evitar el uso<br>fraudulento de las credenciales.<\/td>\r\n            <\/tr>\r\n            <tr>\r\n                <td>SIDCC<\/td>\r\n                <td>1 A\u00f1o<\/td>\r\n                <td>para <br>proporcionar la identificaci\u00f3n del tr\u00e1fico web de confianza<\/td>\r\n            <\/tr>\r\n            <tr>\r\n                <td>SID<\/td>\r\n                <td>1<br>A\u00f1o<\/td>\r\n                <td>para proporcionar entrega de anuncios o retargeting, proporcionar prevenci\u00f3n detd,<br>fraude.<\/td>\r\n            <\/tr>\r\n            <tr>\r\n                <td>SEARCH-SAMESITE<\/td>\r\n                <td>6 Mesas<\/td>\r\n                <td>utilizado para el correctotd,<br>env\u00edo de datos a Google.<\/td>\r\n            <\/tr>\r\n            <tr>\r\n                <td>SAPISID<\/td>\r\n                <td>1 A\u00f1o y 1 Mes<\/td>\r\n                <td>Se utilizad, <br>para almacenar preferencias e informaci\u00f3n del usuario al visualizar p\u00e1ginas\r\n                    con mapas de Google<\/td>\r\n            <\/tr>\r\n            <tr>\r\n                <td>OTZ<\/td>\r\n                <td>1 A\u00f1o<\/td>\r\n                <td>utilizado para publicidad y para analizar el uso del motortd, <br>de b\u00fasqueda<\/td>\r\n            <\/tr>\r\n            <tr>\r\n                <td>NID<\/td>\r\n                <td>6 Meses<\/td>\r\n                <td>usado para mostrar anuncios de<br> lbGoogle en los servicios de Google a usuarios que no tengan la\r\n                    sesi\u00f3n iniciada.<\/td>\r\n            <\/tr>\r\n            <tr>\r\n                <td>DV<\/td>\r\n                <td>1 A\u00f1o<\/td>\r\n                <td>para proporcionar entrega de anuncios o retargeting.<\/td>\r\n            <\/tr>\r\n            <tr>\r\n                <td>HSID<\/td>\r\n                <td>1 A\u00f1o y 1 Mes<\/td>\r\n                <td>para proporcionar prevenci\u00f3n del fraude.<\/td>\r\n            <\/tr>\r\n            <tr>\r\n                <td>CONSENTO<\/td>\r\n                <td>1 A\u00f1o<\/td>\r\n                <td>con funcionalidad desconocida.. <\/td>\r\n            <\/tr>\r\n            <tr>\r\n                <td>APISID<\/td>\r\n                <td>1 A\u00f1o<\/td>\r\n                <td>con funcionalidad desconocida.<\/td>\r\n            <\/tr>\r\n            <tr>\r\n                <td>1P_JAR<\/td>\r\n                <td>1A\u00f1o<\/td>\r\n                <td>Esta cookie realiza informaci\u00f3n sobre c\u00f3mo el usuario final utiliza el sitio web y <br> cualquiera\r\n                    publicidad que el usuario final haya visto antes de visitar este sitio web.<\/td>\r\n            <\/tr>\r\n        <\/tbody>\r\n    <\/table>\r\n    <\/p>\r\n    <h2>\r\n        4.2. Funcionamiento\r\n    <\/h2>\r\n    <p>\r\n        Tecnospiro Machine Tool S.L.U. no se hace responsable por las interferencias, omisiones, interrupciones, virus inform\u00e1ticos o\r\n        otros elementos que puedan producir alteraciones en los sistemas del Usuario o en sus documentos o archivos\r\n        motivados por causas ajenas a Tecnospiro Machine Tool S.L.U. o en caso de haber adoptado estas medidas de seguridad\r\n        razonablemente\r\n        adecuadas.\r\n        Del mismo modo, Tecnospiro Machine Tool S.L.U. no asume la responsabilidad derivada de retrasos o bloqueos en el\r\n        funcionamiento operativo del Portal causado por deficiencias o sobrecarga en las l\u00edneas telef\u00f3nicas o en\r\n        Internet,\r\n        as\u00ed como de da\u00f1os causados por terceras personas mediante intromisiones ilegitimas.\r\n        Tecnospiro Machine Tool S.L.U. se reserva el derecho de suspender el acceso al Portal con motivo de operaciones de mantenimiento,\r\n        reparaci\u00f3n y\/o mejora.\r\n    <\/p>\r\n    <h2>\r\n        4.3. Enlaces\r\n    <\/h2>\r\n    <p>\r\n        Tecnospiro Machine Tool S.L.U. no se hace responsable de los contenidos y servicios de aquellas p\u00e1ginas web que puedan estar\r\n        enlazadas en el Portal m\u00e1s all\u00e1 de la responsabilidad asignada por la Ley 34\/2002, de 12 de julio, de\r\n        Servicios de la Sociedad de la Informaci\u00f3n y el Comercio Electr\u00f3nico, en la medida en que pudiera tener\r\n        conocimiento\r\n        efectivo\r\n        de la ilicitud de los contenidos y servicios suministrados en el portal web enlazado y no desactive el enlace\r\n        con\r\n        la\r\n        diligencia debida.\r\n        Si desea poner en nuestro conocimiento la existencia de un enlace hacia un sitio web con contenidos que\r\n        considera\r\n        inadecuados o il\u00edcitos puede ponerse en contacto con nosotros en comercial@tecnospiromt.com.\r\n    <\/p>\r\n<\/div>\r\n<div style=\"margin-bottom: 40px;\">\r\n    <h2>\r\n        5. Protecci\u00f3n de datos\r\n    <\/h2>\r\n    <p>\r\n        Puede acceder a la informaci\u00f3n detallada respecto al tratamiento de los datos personales que Tecnospiro Machine Tool S.L.U. lleva\r\n        a\r\n        t\u00e9rmino de los Usuarios visitando nuestra Pol\u00edtica de privacidad.\r\n    <\/p>\r\n<\/div>\r\n<div style=\"margin-bottom: 40px;\">\r\n    <h2>\r\n        6. Legislaci\u00f3n\r\n    <\/h2>\r\n    <p>\r\n        El presente Aviso Legal se rige e interpreta, en caso de resultar necesario, por la legislaci\u00f3n com\u00fan espa\u00f1ola\r\n        y,\r\n        salvo que se establezca lo contrario en la normativa aplicable, cualquier conflicto se somete por las partes a\r\n        jueces y tribunales de la ciudad de Barcelona.\r\n    <\/p>\r\n<\/div>\t\t\t\t<\/div>\n\t\t\t\t<\/div>\n\t\t\t\t\t<\/div>\n\t\t\t\t<\/div>\n\t\t\t\t<\/div>\n\t\t","protected":false},"excerpt":{"rendered":"<p>Pol\u00edtica de cookies 1.INTRODUCCI\u00d3N El sitio web de www.roscamat.com utiliza cookies propias y de terceros. Una cookie es un archivo que se descarga en el su ordenador al acceder a determinadas p\u00e1ginas web. Las cookies permiten a una p\u00e1gina web, entre otros fines, asegurar el correcto funcionamiento de la p\u00e1gina, permitir al Usuario un acceso [&hellip;]<\/p>\n","protected":false},"author":1,"featured_media":0,"parent":0,"menu_order":0,"comment_status":"closed","ping_status":"closed","template":"","meta":{"_acf_changed":false,"site-sidebar-layout":"no-sidebar","site-content-layout":"page-builder","ast-site-content-layout":"default","site-content-style":"default","site-sidebar-style":"default","ast-global-header-display":"","ast-banner-title-visibility":"","ast-main-header-display":"","ast-hfb-above-header-display":"","ast-hfb-below-header-display":"","ast-hfb-mobile-header-display":"","site-post-title":"disabled","ast-breadcrumbs-content":"","ast-featured-img":"disabled","footer-sml-layout":"","ast-disable-related-posts":"","theme-transparent-header-meta":"enabled","adv-header-id-meta":"","stick-header-meta":"","header-above-stick-meta":"","header-main-stick-meta":"","header-below-stick-meta":"","astra-migrate-meta-layouts":"default","ast-page-background-enabled":"default","ast-page-background-meta":{"desktop":{"background-color":"var(--ast-global-color-4)","background-image":"","background-repeat":"repeat","background-position":"center center","background-size":"auto","background-attachment":"scroll","background-type":"","background-media":"","overlay-type":"","overlay-color":"","overlay-opacity":"","overlay-gradient":""},"tablet":{"background-color":"","background-image":"","background-repeat":"repeat","background-position":"center center","background-size":"auto","background-attachment":"scroll","background-type":"","background-media":"","overlay-type":"","overlay-color":"","overlay-opacity":"","overlay-gradient":""},"mobile":{"background-color":"","background-image":"","background-repeat":"repeat","background-position":"center center","background-size":"auto","background-attachment":"scroll","background-type":"","background-media":"","overlay-type":"","overlay-color":"","overlay-opacity":"","overlay-gradient":""}},"ast-content-background-meta":{"desktop":{"background-color":"var(--ast-global-color-5)","background-image":"","background-repeat":"repeat","background-position":"center center","background-size":"auto","background-attachment":"scroll","background-type":"","background-media":"","overlay-type":"","overlay-color":"","overlay-opacity":"","overlay-gradient":""},"tablet":{"background-color":"var(--ast-global-color-5)","background-image":"","background-repeat":"repeat","background-position":"center center","background-size":"auto","background-attachment":"scroll","background-type":"","background-media":"","overlay-type":"","overlay-color":"","overlay-opacity":"","overlay-gradient":""},"mobile":{"background-color":"var(--ast-global-color-5)","background-image":"","background-repeat":"repeat","background-position":"center center","background-size":"auto","background-attachment":"scroll","background-type":"","background-media":"","overlay-type":"","overlay-color":"","overlay-opacity":"","overlay-gradient":""}},"footnotes":""},"class_list":["post-6250","page","type-page","status-publish","hentry"],"acf":[],"_links":{"self":[{"href":"https:\/\/tecnospiromt.com\/es\/wp-json\/wp\/v2\/pages\/6250","targetHints":{"allow":["GET"]}}],"collection":[{"href":"https:\/\/tecnospiromt.com\/es\/wp-json\/wp\/v2\/pages"}],"about":[{"href":"https:\/\/tecnospiromt.com\/es\/wp-json\/wp\/v2\/types\/page"}],"author":[{"embeddable":true,"href":"https:\/\/tecnospiromt.com\/es\/wp-json\/wp\/v2\/users\/1"}],"replies":[{"embeddable":true,"href":"https:\/\/tecnospiromt.com\/es\/wp-json\/wp\/v2\/comments?post=6250"}],"version-history":[{"count":15,"href":"https:\/\/tecnospiromt.com\/es\/wp-json\/wp\/v2\/pages\/6250\/revisions"}],"predecessor-version":[{"id":7820,"href":"https:\/\/tecnospiromt.com\/es\/wp-json\/wp\/v2\/pages\/6250\/revisions\/7820"}],"wp:attachment":[{"href":"https:\/\/tecnospiromt.com\/es\/wp-json\/wp\/v2\/media?parent=6250"}],"curies":[{"name":"wp","href":"https:\/\/api.w.org\/{rel}","templated":true}]}}