{"id":6571,"date":"2023-12-15T13:31:16","date_gmt":"2023-12-15T13:31:16","guid":{"rendered":"https:\/\/tecnospiromt.com\/legal-notice\/"},"modified":"2024-01-12T10:28:32","modified_gmt":"2024-01-12T10:28:32","slug":"legal-notice","status":"publish","type":"page","link":"https:\/\/tecnospiromt.com\/es\/legal-notice\/","title":{"rendered":"Legal Notice"},"content":{"rendered":"\t\t<div data-elementor-type=\"wp-page\" data-elementor-id=\"6571\" class=\"elementor elementor-6571 elementor-5669\" data-elementor-post-type=\"page\">\n\t\t\t\t<div class=\"elementor-element elementor-element-a0da6fa e-flex e-con-boxed e-con e-parent\" data-id=\"a0da6fa\" data-element_type=\"container\" data-e-type=\"container\">\n\t\t\t\t\t<div class=\"e-con-inner\">\n\t\t\t\t<div class=\"elementor-element elementor-element-46e31f3 elementor-widget elementor-widget-heading\" data-id=\"46e31f3\" data-element_type=\"widget\" data-e-type=\"widget\" data-widget_type=\"heading.default\">\n\t\t\t\t<div class=\"elementor-widget-container\">\n\t\t\t\t\t<h2 class=\"elementor-heading-title elementor-size-default\">Aviso Legal<\/h2>\t\t\t\t<\/div>\n\t\t\t\t<\/div>\n\t\t\t\t<div class=\"elementor-element elementor-element-1cc6a79 elementor-widget elementor-widget-html\" data-id=\"1cc6a79\" data-element_type=\"widget\" data-e-type=\"widget\" data-widget_type=\"html.default\">\n\t\t\t\t<div class=\"elementor-widget-container\">\n\t\t\t\t\t<div style=\"margin-bottom: 40px;\">\r\n    <p>\r\n        Este aviso legal (en adelante, el \u201cAviso\u201d) regula el uso del portal web www.roscamat.com (en adelante,\r\n        el\r\n        \u201cPortal\u201d) que Tecnospiro Machine Tool S.L.U. , (en adelante, \u201cTecnospiro Machine Tool S.L.U.\u201d) pone a disposici\u00f3n de los usuarios\r\n        de Internet.\r\n        La utilizaci\u00f3n del Portal, incluido el mero acceso, concede la condici\u00f3n de usuario (en adelante, el\/los\r\n        \u201cUsuario\/s\u201d) y supone la aceptaci\u00f3n plena y sin reservas de todas las estipulaciones de este Aviso que se\r\n        encuentren en\r\n        vigor en el momento del acceso.\r\n        En consecuencia, el Usuario debe leer el Aviso cada vez que utilice el Portal.\r\n        El Usuario es consciente y acepta voluntaria y expresamente que el uso del Portal se realiza en todo caso bajo\r\n        la\r\n        suya\r\n        exclusiva responsabilidad.\r\n    <\/p>\r\n<\/div>\r\n<div style=\"margin-bottom: 40px;\">\r\n    <h2>\r\n        1.Informaci\u00f3n legal\r\n    <\/h2>\r\n    <p>\r\n        El titular del Portal es: Tecnospiro Machine Tool S.L.U. <br>\r\n        Nuestros datos de contacto son los siguientes: <br>\r\n        Identidad del responsable: Jordi Jou <br>\r\n        Nombre comercial: Tecnospiro Machine Tool S.L.U. <br>\r\n        CIF: B64824287 <br>\r\n        Direcci\u00f3n: Pol. Ind. Pla dels Vinyats I, s\/n, Nau 1, 08250, Sant Joan de Vilatorrada <br>\r\n        Tel\u00e9fono: (+34)938764359 <br>\r\n        Correo electr\u00f3nico: comercial@tecnospiromt.com <br>\r\n    <\/p>\r\n<\/div>\r\n<div style=\"margin-bottom: 40px;\">\r\n    <h2>\r\n        2.Condiciones de uso\r\n    <\/h2>\r\n    <h5>\r\n        2.1.Contenidos\r\n    <\/h5>\r\n    <p>\r\n        El acceso al Portal es de car\u00e1cter gratuito y el Usuario se obliga a hacer un uso adecuado del mismo, conforme a\r\n        las\r\n        condiciones\r\n        de este Aviso, a la normativa vigente que resulte de aplicaci\u00f3n, la moral y el orden p\u00fablico.\r\n        Los contenidos del Portal tienen un car\u00e1cter meramente informativo. <br>La informaci\u00f3n incluida no constituye en\r\n        ninguna caso una fuente de asesoramiento ni establece una relaci\u00f3n profesional ni de ning\u00fan otro tipo entre el Usuario y Tecnospiro Machine Tool S.L.U.\r\n        Su utilizaci\u00f3n es responsabilidad exclusiva del Usuario, por lo que se desaconseja\r\n        la presa\r\n        de decisiones a partir de la informaci\u00f3n facilitada sin contar con el adecuado asesoramiento profesional.\r\n        Tecnospiro Machine Tool S.L.U. se reserva el derecho de modificar en cualquier momento y sin previo aviso el contenido del\r\n        Portal,\r\n        su Aviso y pol\u00edtica de privacidad o cualquier otra condici\u00f3n o texto que resulte de aplicaci\u00f3n.\r\n    <\/p>\r\n    <h5>\r\n        2.2.Enlaces\r\n    <\/h5>\r\n    <p>\r\n        Aquellos Usuarios que deseen introducir enlaces desde otras p\u00e1ginas web hacia el Portal deben solicitar\r\n        autorizaci\u00f3n previa a Tecnospiro Machine Tool S.L.U.. <br>En cualquier caso, estos enlaces se autorizar\u00e1n bajo las siguientes\r\n        condiciones:\r\n        Deben dirigirse a la p\u00e1gina principal u home page del Portal sin reproducirla en forma alguna.\r\n        Se proh\u00edbe la creaci\u00f3n de marcos o frames de cualquier tipo que permitan que el Portal sea visualizado en\r\n        trav\u00e9s\r\n        de direcciones diferentes o de forma que induzca a error, confusi\u00f3n o enga\u00f1o a los usuarios respecto del origen\r\n        del\r\n        contenido, implique una conducta desleal, utilice o perjudique de cualquier forma la reputaci\u00f3n e imagen del\r\n        despacho y su marca o sea contrario de cualquier forma en la normativa vigente, la moral o el orden p\u00fablico\r\n        Se proh\u00edbe la utilizaci\u00f3n de cualquier marca o signo distintivo de Tecnospiro Machine Tool S.L.U. que no cuente con\r\n        autorizaci\u00f3n expresa de su titular.\r\n        La existencia de este tipo de enlaces no implica en modo alguno la existencia de relaciones entre Tecnospiro Machine Tool S.L.U.,\r\n        el propietario del sitio o de la p\u00e1gina web en la que se establezca el enlace hacia el Portal, ni la aceptaci\u00f3n\r\n        o\r\n        aprobaci\u00f3n de sus contenidos o servicios.\r\n        A su vez, Tecnospiro Machine Tool S.L.U. puede introducir en el Portal enlaces que permiten a los Usuarios acceder a p\u00e1ginas web\r\n        de terceros para facilitar la navegaci\u00f3n y experiencia. <br>En estos casos, Tecnospiro Machine Tool S.L.U. no se responsabiliza\r\n        del contenido o servicios ofrecidos por \u00e9stos ni de los da\u00f1os que puedan originarse con motivo de su consulta o\r\n        utilizaci\u00f3n.\r\n        En cualquier caso, Tecnospiro Machine Tool S.L.U. se reserva el derecho de prohibir en cualquier momento el uso de los enlaces\r\n        previamente\r\n        autorizados, entre otros, en los supuestos de actividad o contenidos il\u00edcitos de la p\u00e1gina web en la que\r\n        se incluye\r\n        el enlace.\r\n    <\/p>\r\n<\/div>\r\n<div style=\"margin-bottom: 40px;\">\r\n    <h2>\r\n        3.Propiedad intelectual\r\n    <\/h2>\r\n    <p>\r\n        Todos los contenidos del Portal son propiedad intelectual\/industrial de Tecnospiro Machine Tool S.L.U. o de terceros que han\r\n        proporcionado las autorizaciones o licencias necesarias para su utilizaci\u00f3n. <br>Entre otros, el nombre del dominio,\r\n        las marcas, el Portal, el c\u00f3digo fuente, y la tecnolog\u00eda asociada al mismo, los contenidos publicados,\r\n        incluyendo los\r\n        dise\u00f1os, textos e im\u00e1genes.\r\n        El Usuario no podr\u00e1 realizar una reproducci\u00f3n, transformaci\u00f3n, distribuci\u00f3n, comunicaci\u00f3n p\u00fablica, puesta en\r\n        disposici\u00f3n,\r\n        extracci\u00f3n o uso, por cualquier medio o procedimiento, de los citados elementos, salvo en los casos en que est\u00e9\r\n        legalmente permitido o sea autorizado de forma expresa por Tecnospiro Machine Tool S.L.U.\r\n    <\/p>\r\n<\/div>\r\n<div style=\"margin-bottom: 40px;\">\r\n    <h2>\r\n        4.Responsabilidad\r\n    <\/h2>\r\n    <h5>\r\n        4.1.Contenidos\r\n    <\/h5>\r\n    <p>\r\n        Tecnospiro Machine Tool S.L.U. y su personal aplicar\u00e1n los medios y esfuerzos razonables a facilitar a trav\u00e9s del Portal\r\n        informaci\u00f3n actualizada y fehaciente. <br>Sin embargo, no se hacen responsables de los errores u omisiones de la\r\n        informaci\u00f3n\r\n        o contenidos facilitados a trav\u00e9s del Portal ni de la aplicaci\u00f3n o uso concreto que pudiera hacerse de \u00e9stos.\r\n        El acceso al Portal no implica la obligaci\u00f3n de Tecnospiro Machine Tool S.L.U. ni de su personal de comprobar la veracidad,\r\n        exactitud, idoneidad, adecuaci\u00f3n, exhaustividad y actualidad de la informaci\u00f3n y contenidos. <br>Los contenidos\r\n        del Portal\r\n        no suponen en forma alguna la prestaci\u00f3n de ning\u00fan servicio legal.\r\n        El Usuario es el \u00fanico responsable frente a cualquier reclamaci\u00f3n o acci\u00f3n legal, judicial o extrajudicial,\r\n        iniciada por\r\n        terceros contra Tecnospiro Machine Tool S.L.U. que tenga su origen en la utilizaci\u00f3n del Portal por el Usuario. <br>En su\r\n        en caso, el Usuario asumir\u00e1 los gastos, costes e indemnizaciones originados a Tecnospiro Machine Tool S.L.U. con motivo de tales\r\n        reclamaciones o acciones legales.\r\n    <\/p>\r\n    <h5>\r\n        4.2.Funcionamiento\r\n    <\/h5>\r\n    <p>\r\n        Tecnospiro Machine Tool S.L.U. no se hace responsable por las interferencias, omisiones, interrupciones, virus inform\u00e1ticos o\r\n        otros elementos que puedan producir alteraciones en los sistemas del Usuario o en sus documentos o archivos\r\n        motivados por causas ajenas a Tecnospiro Machine Tool S.L.U. o en caso de haber adoptado estas medidas de seguridad\r\n        razonablemente\r\n        adecuadas.\r\n        Del mismo modo, Tecnospiro Machine Tool S.L.U. no asume la responsabilidad derivada de retrasos o bloqueos en el\r\n        funcionamiento operativo del Portal causado por deficiencias o sobrecarga en las l\u00edneas telef\u00f3nicas o en\r\n        Internet,\r\n        as\u00ed como de da\u00f1os causados por terceras personas mediante intromisiones ilegitimas.\r\n        Tecnospiro Machine Tool S.L.U. se reserva el derecho de suspender el acceso al Portal con motivo de operaciones de mantenimiento,\r\n        reparaci\u00f3n y\/o mejora.\r\n    <\/p>\r\n    <h5>\r\n        4.3.Enlaces\r\n    <\/h5>\r\n    <p>\r\n        Tecnospiro Machine Tool S.L.U. no se hace responsable de los contenidos y servicios de aquellas p\u00e1ginas web que puedan estar\r\n        enlazadas en el Portal m\u00e1s all\u00e1 de la responsabilidad asignada por la Ley 34\/2002, de 12 de julio, de\r\n        Servicios de la Sociedad de la Informaci\u00f3n y el Comercio Electr\u00f3nico, en la medida en que pudiera tener\r\n        conocimiento efectivo\r\n        de la ilicitud de los contenidos y servicios suministrados en el portal web enlazado y no desactive el enlace\r\n        con la\r\n        diligencia debida.\r\n        Si desea poner en nuestro conocimiento la existencia de un enlace hacia un sitio web con contenidos que\r\n        considera\r\n        inadecuados o il\u00edcitos puede ponerse en contacto con nosotros en comercial@tecnospiromt.com.\r\n    <\/p>\r\n<\/div>\r\n<div style=\"margin-bottom: 40px;\">\r\n    <h2>\r\n        5.Protecci\u00f3n de datos\r\n    <\/h2>\r\n    <p>\r\n        Puede acceder a la informaci\u00f3n detallada respecto al tratamiento de los datos personales que Tecnospiro Machine Tool S.L.U. lleva\r\n        a t\u00e9rmino de los Usuarios visitando nuestra Pol\u00edtica de privacidad.\r\n    <\/p>\r\n<\/div>\r\n<div style=\"margin-bottom: 40px;\">\r\n    <h2>\r\n        6.Legislaci\u00f3n\r\n    <\/h2>\r\n    <p>\r\n        El presente Aviso Legal se rige e interpreta, en caso de resultar necesario, por la legislaci\u00f3n com\u00fan espa\u00f1ola\r\n        y,\r\n        salvo que se establezca lo contrario en la normativa aplicable, cualquier conflicto se somete por las partes a\r\n        los jueces\r\n        y tribunales de la ciudad de Barcelona.\r\n    <\/p>\r\n<\/div>\t\t\t\t<\/div>\n\t\t\t\t<\/div>\n\t\t\t\t\t<\/div>\n\t\t\t\t<\/div>\n\t\t\t\t<\/div>\n\t\t","protected":false},"excerpt":{"rendered":"<p>Aviso Legal Este aviso legal (en adelante, el \u201cAviso\u201d) regula el uso del portal web www.roscamat.com (en adelante, el \u201cPortal\u201d) que Tecnospiro Machine Tool S.L.U. , (en adelante, \u201cTecnospiro Machine Tool S.L.U.\u201d) pone a disposici\u00f3n de los usuarios de Internet. La utilizaci\u00f3n del Portal, incluido el mero acceso, concede la condici\u00f3n de usuario (en adelante, [&hellip;]<\/p>\n","protected":false},"author":1,"featured_media":0,"parent":0,"menu_order":0,"comment_status":"closed","ping_status":"closed","template":"","meta":{"_acf_changed":false,"site-sidebar-layout":"no-sidebar","site-content-layout":"page-builder","ast-site-content-layout":"default","site-content-style":"default","site-sidebar-style":"default","ast-global-header-display":"","ast-banner-title-visibility":"","ast-main-header-display":"","ast-hfb-above-header-display":"","ast-hfb-below-header-display":"","ast-hfb-mobile-header-display":"","site-post-title":"disabled","ast-breadcrumbs-content":"","ast-featured-img":"disabled","footer-sml-layout":"","ast-disable-related-posts":"","theme-transparent-header-meta":"enabled","adv-header-id-meta":"","stick-header-meta":"","header-above-stick-meta":"","header-main-stick-meta":"","header-below-stick-meta":"","astra-migrate-meta-layouts":"default","ast-page-background-enabled":"default","ast-page-background-meta":{"desktop":{"background-color":"var(--ast-global-color-4)","background-image":"","background-repeat":"repeat","background-position":"center center","background-size":"auto","background-attachment":"scroll","background-type":"","background-media":"","overlay-type":"","overlay-color":"","overlay-opacity":"","overlay-gradient":""},"tablet":{"background-color":"","background-image":"","background-repeat":"repeat","background-position":"center center","background-size":"auto","background-attachment":"scroll","background-type":"","background-media":"","overlay-type":"","overlay-color":"","overlay-opacity":"","overlay-gradient":""},"mobile":{"background-color":"","background-image":"","background-repeat":"repeat","background-position":"center center","background-size":"auto","background-attachment":"scroll","background-type":"","background-media":"","overlay-type":"","overlay-color":"","overlay-opacity":"","overlay-gradient":""}},"ast-content-background-meta":{"desktop":{"background-color":"var(--ast-global-color-5)","background-image":"","background-repeat":"repeat","background-position":"center center","background-size":"auto","background-attachment":"scroll","background-type":"","background-media":"","overlay-type":"","overlay-color":"","overlay-opacity":"","overlay-gradient":""},"tablet":{"background-color":"var(--ast-global-color-5)","background-image":"","background-repeat":"repeat","background-position":"center center","background-size":"auto","background-attachment":"scroll","background-type":"","background-media":"","overlay-type":"","overlay-color":"","overlay-opacity":"","overlay-gradient":""},"mobile":{"background-color":"var(--ast-global-color-5)","background-image":"","background-repeat":"repeat","background-position":"center center","background-size":"auto","background-attachment":"scroll","background-type":"","background-media":"","overlay-type":"","overlay-color":"","overlay-opacity":"","overlay-gradient":""}},"footnotes":""},"class_list":["post-6571","page","type-page","status-publish","hentry"],"acf":[],"_links":{"self":[{"href":"https:\/\/tecnospiromt.com\/es\/wp-json\/wp\/v2\/pages\/6571","targetHints":{"allow":["GET"]}}],"collection":[{"href":"https:\/\/tecnospiromt.com\/es\/wp-json\/wp\/v2\/pages"}],"about":[{"href":"https:\/\/tecnospiromt.com\/es\/wp-json\/wp\/v2\/types\/page"}],"author":[{"embeddable":true,"href":"https:\/\/tecnospiromt.com\/es\/wp-json\/wp\/v2\/users\/1"}],"replies":[{"embeddable":true,"href":"https:\/\/tecnospiromt.com\/es\/wp-json\/wp\/v2\/comments?post=6571"}],"version-history":[{"count":9,"href":"https:\/\/tecnospiromt.com\/es\/wp-json\/wp\/v2\/pages\/6571\/revisions"}],"predecessor-version":[{"id":7790,"href":"https:\/\/tecnospiromt.com\/es\/wp-json\/wp\/v2\/pages\/6571\/revisions\/7790"}],"wp:attachment":[{"href":"https:\/\/tecnospiromt.com\/es\/wp-json\/wp\/v2\/media?parent=6571"}],"curies":[{"name":"wp","href":"https:\/\/api.w.org\/{rel}","templated":true}]}}